{"id":3476,"date":"2024-10-28T11:10:05","date_gmt":"2024-10-28T03:10:05","guid":{"rendered":"https:\/\/www.transauto.cc\/?page_id=3476"},"modified":"2025-10-28T15:55:29","modified_gmt":"2025-10-28T07:55:29","slug":"beiben-truck","status":"publish","type":"page","link":"https:\/\/www.transauto.cc\/vi\/news\/products\/beiben-truck\/","title":{"rendered":"Xe t\u1ea3i BeiBen"},"content":{"rendered":"<section class=\"l-section wpb_row us_custom_31b9ec70 height_huge\"><div class=\"l-section-h i-cf\"><div class=\"g-cols vc_row via_grid cols_1 laptops-cols_inherit tablets-cols_inherit mobiles-cols_1 valign_top type_default stacking_default\"><div class=\"wpb_column vc_column_container\"><div class=\"vc_column-inner\"><h1 class=\"w-post-elm post_title us_custom_e8d85284 has_text_color entry-title color_link_inherit\">Xe t\u1ea3i BeiBen<\/h1><div class=\"wpb_text_column\"><div class=\"wpb_wrapper\"><p><span style=\"color: #ffffff;\">\u0110\u01b0\u1ee3c th\u00e0nh l\u1eadp v\u00e0o n\u0103m 2014, Transauto l\u00e0 nh\u00e0 cung c\u1ea5p xe t\u1ea3i v\u00e0 nh\u00e0 s\u1ea3n xu\u1ea5t \u00f4 t\u00f4 \u0111i\u1ec7n chuy\u00ean nghi\u1ec7p, chuy\u00ean v\u1ec1 xe t\u1ea3i h\u1ea1ng n\u1eb7ng, \u00f4 t\u00f4 \u0111i\u1ec7n, xe t\u1ea3i \u0111\u00e3 qua s\u1eed d\u1ee5ng, \u00f4 t\u00f4 \u0111\u00e3 qua s\u1eed d\u1ee5ng, xe t\u1ea3i, m\u00e1y s\u01a1 mi r\u01a1 mo\u00f3c, d\u00e2y chuy\u1ec1n s\u1ea3n xu\u1ea5t v\u00e0 nghi\u00ean c\u1ee9u v\u00e0 ph\u00e1t tri\u1ec3n ph\u1ee5 t\u00f9ng, s\u1ea3n xu\u1ea5t, b\u00e1n h\u00e0ng v\u00e0 d\u1ecbch v\u1ee5 .<\/span><\/p>\n<p><span style=\"color: #ffffff;\">We have 15 years export working experience, Company advocates the idea of \u201cChina truck, global service \u201c\uff0c \u201cService attentively and do our best\u201d\uff0c\u201dRealize Customer value with product and service\u201d, actively expand international market, the current products have been exported to Africa, the Middle East, Southeast Asia, South America.etc, more than 60 countries and regions.<\/span><\/p>\n<p><img fetchpriority=\"high\" decoding=\"async\" class=\"alignnone wp-image-3816 size-full\" src=\"https:\/\/www.transauto.cc\/wp-content\/uploads\/2025\/10\/6.jpg\" alt=\"\" width=\"1200\" height=\"440\" srcset=\"https:\/\/www.transauto.cc\/wp-content\/uploads\/2025\/10\/6.jpg 1200w, https:\/\/www.transauto.cc\/wp-content\/uploads\/2025\/10\/6-600x220.jpg 600w, https:\/\/www.transauto.cc\/wp-content\/uploads\/2025\/10\/6-1024x375.jpg 1024w, https:\/\/www.transauto.cc\/wp-content\/uploads\/2025\/10\/6-300x110.jpg 300w, https:\/\/www.transauto.cc\/wp-content\/uploads\/2025\/10\/6-18x7.jpg 18w\" sizes=\"(max-width: 1200px) 100vw, 1200px\" \/><\/p>\n<p><img loading=\"lazy\" decoding=\"async\" class=\"alignnone size-full wp-image-3481\" src=\"https:\/\/www.transauto.cc\/wp-content\/uploads\/2024\/10\/42-43-01-scaled.jpg\" alt=\"\" width=\"2560\" height=\"960\" srcset=\"https:\/\/www.transauto.cc\/wp-content\/uploads\/2024\/10\/42-43-01-scaled.jpg 2560w, https:\/\/www.transauto.cc\/wp-content\/uploads\/2024\/10\/42-43-01-600x225.jpg 600w, https:\/\/www.transauto.cc\/wp-content\/uploads\/2024\/10\/42-43-01-1024x384.jpg 1024w, https:\/\/www.transauto.cc\/wp-content\/uploads\/2024\/10\/42-43-01-300x113.jpg 300w, https:\/\/www.transauto.cc\/wp-content\/uploads\/2024\/10\/42-43-01-18x7.jpg 18w\" sizes=\"(max-width: 2560px) 100vw, 2560px\" \/><\/p>\n<h5><span style=\"color: #ffffff;\">More Details<\/span><\/h5>\n<p><img loading=\"lazy\" decoding=\"async\" class=\"alignnone size-full wp-image-3817\" src=\"https:\/\/www.transauto.cc\/wp-content\/uploads\/2025\/10\/6-2.jpg\" alt=\"\" width=\"1200\" height=\"631\" srcset=\"https:\/\/www.transauto.cc\/wp-content\/uploads\/2025\/10\/6-2.jpg 1200w, https:\/\/www.transauto.cc\/wp-content\/uploads\/2025\/10\/6-2-600x316.jpg 600w, https:\/\/www.transauto.cc\/wp-content\/uploads\/2025\/10\/6-2-1024x538.jpg 1024w, https:\/\/www.transauto.cc\/wp-content\/uploads\/2025\/10\/6-2-300x158.jpg 300w, https:\/\/www.transauto.cc\/wp-content\/uploads\/2025\/10\/6-2-18x9.jpg 18w\" sizes=\"(max-width: 1200px) 100vw, 1200px\" \/><\/p>\n<h5><span style=\"color: #ffffff;\">Others<\/span><img loading=\"lazy\" decoding=\"async\" class=\"alignnone size-full wp-image-3819\" style=\"font-size: 16px;\" src=\"https:\/\/www.transauto.cc\/wp-content\/uploads\/2025\/10\/\u5176\u4ed6\u8f66\u578b-\u5317\u5954.jpg\" alt=\"\" width=\"1200\" height=\"797\" srcset=\"https:\/\/www.transauto.cc\/wp-content\/uploads\/2025\/10\/\u5176\u4ed6\u8f66\u578b-\u5317\u5954.jpg 1200w, https:\/\/www.transauto.cc\/wp-content\/uploads\/2025\/10\/\u5176\u4ed6\u8f66\u578b-\u5317\u5954-600x399.jpg 600w, https:\/\/www.transauto.cc\/wp-content\/uploads\/2025\/10\/\u5176\u4ed6\u8f66\u578b-\u5317\u5954-1024x680.jpg 1024w, https:\/\/www.transauto.cc\/wp-content\/uploads\/2025\/10\/\u5176\u4ed6\u8f66\u578b-\u5317\u5954-300x199.jpg 300w, https:\/\/www.transauto.cc\/wp-content\/uploads\/2025\/10\/\u5176\u4ed6\u8f66\u578b-\u5317\u5954-18x12.jpg 18w\" sizes=\"auto, (max-width: 1200px) 100vw, 1200px\" \/><\/h5>\n<\/div><\/div><\/div><\/div><\/div><\/div><\/section><section class=\"l-section wpb_row us_custom_eb849559 height_huge with_img\" id=\"inquiry\"><div class=\"l-section-img\" role=\"img\" data-img-width=\"1500\" data-img-height=\"844\" style=\"background-image: url(https:\/\/www.transauto.cc\/wp-content\/uploads\/2023\/11\/file_01635499033778.webp);background-repeat: no-repeat;\"><\/div><div class=\"l-section-h i-cf\"><div class=\"g-cols vc_row via_grid cols_1 laptops-cols_inherit tablets-cols_inherit mobiles-cols_1 valign_top type_default stacking_default\"><div class=\"wpb_column vc_column_container\"><div class=\"vc_column-inner\"><h2 class=\"w-text us_custom_6df4bc3a has_text_color\"><span class=\"w-text-h\"><span class=\"w-text-value\">Y\u00eau c\u1ea7u ngay b\u00e2y gi\u1edd<\/span><\/span><\/h2><div class=\"wpb_text_column us_custom_5fee22f6 has_text_color\"><div class=\"wpb_wrapper\"><p>S\u1eed d\u1ee5ng m\u1eabu li\u00ean h\u1ec7 c\u1ee7a ch\u00fang t\u00f4i tr\u00ean trang chi ti\u1ebft li\u00ean h\u1ec7 c\u1ee7a ch\u00fang t\u00f4i ho\u1eb7c g\u1ecdi cho ch\u00fang t\u00f4i \u0111\u1ec3 th\u1ea3o lu\u1eadn th\u00eam v\u1ec1 s\u1ea3n ph\u1ea9m n\u00e0y.<\/p>\n<\/div><\/div><div class=\"w-separator size_medium\"><\/div><form class=\"w-form  us-field-style_1 layout_ver for_cform us_form_1\" autocomplete=\"off\" action=\"https:\/\/www.transauto.cc\/vi\/vi\/wp-json\/wp\/v2\/pages\/3476\" method=\"post\" data-trp-original-action=\"https:\/\/www.transauto.cc\/vi\/vi\/wp-json\/wp\/v2\/pages\/3476\"><div class=\"w-form-h\"><div class=\"w-form-row for_text required cols_2\">\r\n\t\t<div class=\"w-form-row-field\">\r\n\t\t\t\t\t\t<input aria-label=\"T\u00ean c\u1ee7a b\u1ea1n\" type=\"text\" name=\"us_form_1_text_1\" value placeholder=\"T\u00ean c\u1ee7a b\u1ea1n *\" data-required=\"true\" aria-required=\"true\"\/>\r\n\t\t\t<\/div>\r\n\t\t<div class=\"w-form-row-state\">\u0110i\u1ec1n v\u00e0o tr\u01b0\u1eddng n\u00e0y<\/div>\r\n<\/div>\r\n<div class=\"w-form-row for_email required cols_2\">\r\n\t\t<div class=\"w-form-row-field\">\r\n\t\t\t\t\t\t<input aria-label=\"E-mail\" type=\"email\" name=\"us_form_1_email_1\" value placeholder=\"Th\u01b0 \u0111i\u1ec7n t\u1eed *\" data-required=\"true\" aria-required=\"true\"\/>\r\n\t\t\t<\/div>\r\n\t\t<div class=\"w-form-row-state\">Vui l\u00f2ng nh\u1eadp \u0111\u1ecba ch\u1ec9 email h\u1ee3p l\u1ec7.<\/div>\r\n<\/div>\r\n<div class=\"w-form-row for_text cols_2\">\r\n\t\t<div class=\"w-form-row-field\">\r\n\t\t\t\t\t\t<input aria-label=\"\u0110i\u1ec7n tho\u1ea1i\/WhatsApp\/Skype\" type=\"text\" name=\"us_form_1_text_2\" value placeholder=\"\u0110i\u1ec7n tho\u1ea1i\/WhatsApp\/Skype\"\/>\r\n\t\t\t<\/div>\r\n\t\t<div class=\"w-form-row-state\">\u0110i\u1ec1n v\u00e0o tr\u01b0\u1eddng n\u00e0y<\/div>\r\n<\/div>\r\n<div class=\"w-form-row for_text cols_2\">\r\n\t\t<div class=\"w-form-row-field\">\r\n\t\t\t\t\t\t<input aria-label=\"T\u00ean c\u00f4ng ty\" type=\"text\" name=\"us_form_1_text_3\" value placeholder=\"T\u00ean c\u00f4ng ty\"\/>\r\n\t\t\t<\/div>\r\n\t\t<div class=\"w-form-row-state\">\u0110i\u1ec1n v\u00e0o tr\u01b0\u1eddng n\u00e0y<\/div>\r\n<\/div>\r\n<div class=\"w-form-row for_textarea required\">\r\n\t\t<div class=\"w-form-row-field\">\r\n\t\t\t\t\t\t<textarea aria-label=\"N\u1ed9i dung\" name=\"us_form_1_textarea_1\" placeholder=\"N\u1ed9i dung *\" data-required=\"true\" aria-required=\"true\"><\/textarea>\r\n\t\t\t<\/div>\r\n\t\t<div class=\"w-form-row-state\">\u0110i\u1ec1n v\u00e0o tr\u01b0\u1eddng n\u00e0y<\/div>\r\n<\/div>\r\n<input type=\"hidden\" name=\"action\" value=\"us_ajax_cform\" \/>\r\n<input type=\"hidden\" name=\"post_id\" value=\"94\" \/>\r\n<input type=\"hidden\" name=\"form_index\" value=\"1\" \/>\r\n<div class=\"w-form-row for_submit align_none\">\r\n\t<button class=\"w-btn  us-btn-style_1\" aria-label=\"G\u1eedi y\u00eau c\u1ea7u ngay b\u00e2y gi\u1edd \u2192\" type=\"submit\">\r\n\t\t<span class=\"g-preloader type_1\"><\/span>\r\n\t\t\t\t<span class=\"w-btn-label\">G\u1eedi y\u00eau c\u1ea7u ngay b\u00e2y gi\u1edd \u2192<\/span>\r\n\t\t\t<\/button>\r\n\t<\/div>\r\n<\/div><div class=\"w-form-message\"><\/div><div class=\"w-form-json hidden\" onclick='return {&quot;ajaxurl&quot;:&quot;https:\\\/\\\/www.transauto.cc\\\/wp-admin\\\/admin-ajax.php&quot;,&quot;messages&quot;:{&quot;err_empty&quot;:&quot;Fill out this field&quot;,&quot;err_size&quot;:&quot;File size cannot exceed %s MB&quot;,&quot;err_extension&quot;:&quot;%s file type is not allowed&quot;}}'><\/div><input type=\"hidden\" name=\"trp-form-language\" value=\"vi\"\/><\/form><\/div><\/div><\/div><\/div><\/section><a href=\"https:\/\/wa.me\/8618653224266\" class=\"whatsapp-float\" target=\"_blank\" rel=\"noopener\"><i class=\"fab fa-whatsapp\"><\/i><span>WhatsApp Us<\/span><\/a><\/p>","protected":false},"excerpt":{"rendered":"","protected":false},"author":1,"featured_media":3556,"parent":19,"menu_order":5,"comment_status":"closed","ping_status":"closed","template":"","meta":{"_kadence_starter_templates_imported_post":false,"footnotes":""},"class_list":["post-3476","page","type-page","status-publish","has-post-thumbnail","hentry"],"acf":[],"_links":{"self":[{"href":"https:\/\/www.transauto.cc\/vi\/wp-json\/wp\/v2\/pages\/3476","targetHints":{"allow":["GET"]}}],"collection":[{"href":"https:\/\/www.transauto.cc\/vi\/wp-json\/wp\/v2\/pages"}],"about":[{"href":"https:\/\/www.transauto.cc\/vi\/wp-json\/wp\/v2\/types\/page"}],"author":[{"embeddable":true,"href":"https:\/\/www.transauto.cc\/vi\/wp-json\/wp\/v2\/users\/1"}],"replies":[{"embeddable":true,"href":"https:\/\/www.transauto.cc\/vi\/wp-json\/wp\/v2\/comments?post=3476"}],"version-history":[{"count":13,"href":"https:\/\/www.transauto.cc\/vi\/wp-json\/wp\/v2\/pages\/3476\/revisions"}],"predecessor-version":[{"id":3823,"href":"https:\/\/www.transauto.cc\/vi\/wp-json\/wp\/v2\/pages\/3476\/revisions\/3823"}],"up":[{"embeddable":true,"href":"https:\/\/www.transauto.cc\/vi\/wp-json\/wp\/v2\/pages\/19"}],"wp:featuredmedia":[{"embeddable":true,"href":"https:\/\/www.transauto.cc\/vi\/wp-json\/wp\/v2\/media\/3556"}],"wp:attachment":[{"href":"https:\/\/www.transauto.cc\/vi\/wp-json\/wp\/v2\/media?parent=3476"}],"curies":[{"name":"wp","href":"https:\/\/api.w.org\/{rel}","templated":true}]}}