{"id":3443,"date":"2024-10-30T13:50:59","date_gmt":"2024-10-30T05:50:59","guid":{"rendered":"https:\/\/www.transauto.cc\/?page_id=3443"},"modified":"2025-10-28T15:55:29","modified_gmt":"2025-10-28T07:55:29","slug":"shacman-truck-shacman-dump-truck","status":"publish","type":"page","link":"https:\/\/www.transauto.cc\/vi\/news\/products\/shacman-truck-shacman-dump-truck\/","title":{"rendered":"Xe t\u1ea3i Shacman-Xe t\u1ea3i ben Shacman"},"content":{"rendered":"<section class=\"l-section wpb_row us_custom_31b9ec70 height_huge\"><div class=\"l-section-h i-cf\"><div class=\"g-cols vc_row via_grid cols_1 laptops-cols_inherit tablets-cols_inherit mobiles-cols_1 valign_top type_default stacking_default\"><div class=\"wpb_column vc_column_container\"><div class=\"vc_column-inner\"><h1 class=\"w-post-elm post_title us_custom_a574d586 has_text_color entry-title color_link_inherit\">Xe t\u1ea3i Shacman-Xe t\u1ea3i ben Shacman<\/h1><div class=\"wpb_text_column us_custom_e5aea6d2\"><div class=\"wpb_wrapper\"><h4>\u00a0<\/h4>\n<p><span style=\"color: #ffffff;\">Introduced in 2009, the F3000 series the one of the best selling product. Reliable, rugged and powerful, the F3000 series can tackle any task its owner ask of it.F3000 is the first choice for overseas engineering projects. This series platform also has the largest volume in the international market, winning the hearts of its operators.<\/span><\/p>\n<p><span style=\"color: #ffffff;\">C\u00f4ng ngh\u1ec7 d\u1eabn \u0111\u1ed9ng s\u00e1u b\u00e1nh th\u1eddi gian th\u1ef1c \u0111\u1ed9c quy\u1ec1n c\u1ee7a Transauto, c\u00f4ng ngh\u1ec7 l\u00e1i xe t\u1ef1 th\u00edch \u1ee9ng tr\u00ean m\u1ecdi \u0111\u1ecba h\u00ecnh, c\u00f4ng ngh\u1ec7 \u0111i\u1ec1u khi\u1ec3n t\u00edch h\u1ee3p \u0111\u1ec3 l\u00e1i xe an to\u00e0n, c\u00f4ng ngh\u1ec7 qu\u1ea3n l\u00fd v\u00e0 ki\u1ec3m so\u00e1t n\u0103ng l\u01b0\u1ee3ng nhi\u1ec7t, c\u00f4ng ngh\u1ec7 ki\u1ec3m so\u00e1t \u1ed5n \u0111\u1ecbnh cho h\u1ec7 th\u1ed1ng \u0111\u1ed5 th\u1ee7y l\u1ef1c d\u00f2ng ch\u1ea3y l\u1edbn, con ng\u01b0\u1eddi th\u00f4ng minh -c\u00f4ng ngh\u1ec7 t\u01b0\u01a1ng t\u00e1c v\u00e0 ch\u1ea9n \u0111o\u00e1n m\u00e1y. To\u00e0n b\u1ed9 chi\u1ebfc xe c\u00f3 t\u00ednh n\u0103ng an to\u00e0n cao, \u0111\u1ed9 tin c\u1eady cao v\u00e0 tr\u00ed th\u00f4ng minh cao. M\u00e1y c\u00f2n n\u1ed5i b\u1eadt v\u1edbi c\u00f4ng su\u1ea5t m\u1ea1nh m\u1ebd, m\u1ee9c ti\u00eau th\u1ee5 n\u0103ng l\u01b0\u1ee3ng th\u1ea5p, b\u1ea3o tr\u00ec d\u1ec5 d\u00e0ng v\u00e0 c\u1ea3m gi\u00e1c l\u00e1i tho\u1ea3i m\u00e1i cao.<\/span><\/p>\n<p>\u00a0<\/p>\n<\/div><\/div><div class=\"wpb_text_column us_custom_e5aea6d2\"><div class=\"wpb_wrapper\"><h4><img fetchpriority=\"high\" decoding=\"async\" class=\"alignnone wp-image-3803 size-full\" src=\"https:\/\/www.transauto.cc\/wp-content\/uploads\/2025\/10\/1-2.jpg\" alt=\"\" width=\"1200\" height=\"440\" srcset=\"https:\/\/www.transauto.cc\/wp-content\/uploads\/2025\/10\/1-2.jpg 1200w, https:\/\/www.transauto.cc\/wp-content\/uploads\/2025\/10\/1-2-600x220.jpg 600w, https:\/\/www.transauto.cc\/wp-content\/uploads\/2025\/10\/1-2-1024x375.jpg 1024w, https:\/\/www.transauto.cc\/wp-content\/uploads\/2025\/10\/1-2-300x110.jpg 300w, https:\/\/www.transauto.cc\/wp-content\/uploads\/2025\/10\/1-2-18x7.jpg 18w\" sizes=\"(max-width: 1200px) 100vw, 1200px\" \/><\/h4>\n<h4><strong><b><img loading=\"lazy\" decoding=\"async\" class=\"alignnone size-full wp-image-3444\" src=\"https:\/\/www.transauto.cc\/wp-content\/uploads\/2024\/10\/\u5c01\u9762-1-scaled.jpg\" alt=\"\" width=\"2560\" height=\"960\" srcset=\"https:\/\/www.transauto.cc\/wp-content\/uploads\/2024\/10\/\u5c01\u9762-1-scaled.jpg 2560w, https:\/\/www.transauto.cc\/wp-content\/uploads\/2024\/10\/\u5c01\u9762-1-600x225.jpg 600w, https:\/\/www.transauto.cc\/wp-content\/uploads\/2024\/10\/\u5c01\u9762-1-1024x384.jpg 1024w, https:\/\/www.transauto.cc\/wp-content\/uploads\/2024\/10\/\u5c01\u9762-1-300x113.jpg 300w, https:\/\/www.transauto.cc\/wp-content\/uploads\/2024\/10\/\u5c01\u9762-1-18x7.jpg 18w\" sizes=\"(max-width: 2560px) 100vw, 2560px\" \/><\/b><\/strong><\/h4>\n<h5>\u00a0<\/h5>\n<h5><span style=\"color: #ffffff;\"><strong><b>N\u1ed9i th\u1ea5t tho\u1ea3i m\u00e1i<\/b><\/strong><\/span><\/h5>\n<p><img loading=\"lazy\" decoding=\"async\" class=\"alignnone size-full wp-image-3446\" src=\"https:\/\/www.transauto.cc\/wp-content\/uploads\/2024\/10\/F3000_08-scaled.jpg\" alt=\"\" width=\"2560\" height=\"960\" srcset=\"https:\/\/www.transauto.cc\/wp-content\/uploads\/2024\/10\/F3000_08-scaled.jpg 2560w, https:\/\/www.transauto.cc\/wp-content\/uploads\/2024\/10\/F3000_08-600x225.jpg 600w, https:\/\/www.transauto.cc\/wp-content\/uploads\/2024\/10\/F3000_08-1024x384.jpg 1024w, https:\/\/www.transauto.cc\/wp-content\/uploads\/2024\/10\/F3000_08-300x113.jpg 300w, https:\/\/www.transauto.cc\/wp-content\/uploads\/2024\/10\/F3000_08-18x7.jpg 18w\" sizes=\"(max-width: 2560px) 100vw, 2560px\" \/><img loading=\"lazy\" decoding=\"async\" class=\"alignnone size-full wp-image-3447\" src=\"https:\/\/www.transauto.cc\/wp-content\/uploads\/2024\/10\/F3000_09-scaled.jpg\" alt=\"\" width=\"2560\" height=\"960\" srcset=\"https:\/\/www.transauto.cc\/wp-content\/uploads\/2024\/10\/F3000_09-scaled.jpg 2560w, https:\/\/www.transauto.cc\/wp-content\/uploads\/2024\/10\/F3000_09-600x225.jpg 600w, https:\/\/www.transauto.cc\/wp-content\/uploads\/2024\/10\/F3000_09-1024x384.jpg 1024w, https:\/\/www.transauto.cc\/wp-content\/uploads\/2024\/10\/F3000_09-300x113.jpg 300w, https:\/\/www.transauto.cc\/wp-content\/uploads\/2024\/10\/F3000_09-18x7.jpg 18w\" sizes=\"auto, (max-width: 2560px) 100vw, 2560px\" \/><\/p>\n<h5><span style=\"color: #ffffff;\">More Details<\/span><\/h5>\n<p><img loading=\"lazy\" decoding=\"async\" class=\"alignnone size-full wp-image-3805\" src=\"https:\/\/www.transauto.cc\/wp-content\/uploads\/2025\/10\/1-1-1.jpg\" alt=\"\" width=\"1200\" height=\"631\" srcset=\"https:\/\/www.transauto.cc\/wp-content\/uploads\/2025\/10\/1-1-1.jpg 1200w, https:\/\/www.transauto.cc\/wp-content\/uploads\/2025\/10\/1-1-1-600x316.jpg 600w, https:\/\/www.transauto.cc\/wp-content\/uploads\/2025\/10\/1-1-1-1024x538.jpg 1024w, https:\/\/www.transauto.cc\/wp-content\/uploads\/2025\/10\/1-1-1-300x158.jpg 300w, https:\/\/www.transauto.cc\/wp-content\/uploads\/2025\/10\/1-1-1-18x9.jpg 18w\" sizes=\"auto, (max-width: 1200px) 100vw, 1200px\" \/><\/p>\n<h3><span style=\"color: #ffffff;\">\u00a0Usage scenarios<\/span><\/h3>\n<p><img loading=\"lazy\" decoding=\"async\" class=\"alignnone size-full wp-image-3449\" src=\"https:\/\/www.transauto.cc\/wp-content\/uploads\/2024\/10\/5a3ebea3fa37d9113b699081a596aa1.png\" alt=\"\" width=\"1839\" height=\"745\" srcset=\"https:\/\/www.transauto.cc\/wp-content\/uploads\/2024\/10\/5a3ebea3fa37d9113b699081a596aa1.png 1839w, https:\/\/www.transauto.cc\/wp-content\/uploads\/2024\/10\/5a3ebea3fa37d9113b699081a596aa1-600x243.png 600w, https:\/\/www.transauto.cc\/wp-content\/uploads\/2024\/10\/5a3ebea3fa37d9113b699081a596aa1-1024x415.png 1024w, https:\/\/www.transauto.cc\/wp-content\/uploads\/2024\/10\/5a3ebea3fa37d9113b699081a596aa1-300x122.png 300w, https:\/\/www.transauto.cc\/wp-content\/uploads\/2024\/10\/5a3ebea3fa37d9113b699081a596aa1-18x7.png 18w\" sizes=\"auto, (max-width: 1839px) 100vw, 1839px\" \/><\/p>\n<\/div><\/div><\/div><\/div><\/div><\/div><\/section><section class=\"l-section wpb_row us_custom_eb849559 height_huge with_img\" id=\"inquiry\"><div class=\"l-section-img\" role=\"img\" data-img-width=\"1500\" data-img-height=\"844\" style=\"background-image: url(https:\/\/www.transauto.cc\/wp-content\/uploads\/2023\/11\/file_01635499033778.webp);background-repeat: no-repeat;\"><\/div><div class=\"l-section-h i-cf\"><div class=\"g-cols vc_row via_grid cols_1 laptops-cols_inherit tablets-cols_inherit mobiles-cols_1 valign_top type_default stacking_default\"><div class=\"wpb_column vc_column_container\"><div class=\"vc_column-inner\"><h2 class=\"w-text us_custom_6df4bc3a has_text_color\"><span class=\"w-text-h\"><span class=\"w-text-value\">Y\u00eau c\u1ea7u ngay b\u00e2y gi\u1edd<\/span><\/span><\/h2><div class=\"wpb_text_column us_custom_5fee22f6 has_text_color\"><div class=\"wpb_wrapper\"><p>S\u1eed d\u1ee5ng m\u1eabu li\u00ean h\u1ec7 c\u1ee7a ch\u00fang t\u00f4i tr\u00ean trang chi ti\u1ebft li\u00ean h\u1ec7 c\u1ee7a ch\u00fang t\u00f4i ho\u1eb7c g\u1ecdi cho ch\u00fang t\u00f4i \u0111\u1ec3 th\u1ea3o lu\u1eadn th\u00eam v\u1ec1 s\u1ea3n ph\u1ea9m n\u00e0y.<\/p>\n<\/div><\/div><div class=\"w-separator size_medium\"><\/div><form class=\"w-form  us-field-style_1 layout_ver for_cform us_form_1\" autocomplete=\"off\" action=\"https:\/\/www.transauto.cc\/vi\/vi\/wp-json\/wp\/v2\/pages\/3443\" method=\"post\" data-trp-original-action=\"https:\/\/www.transauto.cc\/vi\/vi\/wp-json\/wp\/v2\/pages\/3443\"><div class=\"w-form-h\"><div class=\"w-form-row for_text required cols_2\">\r\n\t\t<div class=\"w-form-row-field\">\r\n\t\t\t\t\t\t<input aria-label=\"T\u00ean c\u1ee7a b\u1ea1n\" type=\"text\" name=\"us_form_1_text_1\" value placeholder=\"T\u00ean c\u1ee7a b\u1ea1n *\" data-required=\"true\" aria-required=\"true\"\/>\r\n\t\t\t<\/div>\r\n\t\t<div class=\"w-form-row-state\">\u0110i\u1ec1n v\u00e0o tr\u01b0\u1eddng n\u00e0y<\/div>\r\n<\/div>\r\n<div class=\"w-form-row for_email required cols_2\">\r\n\t\t<div class=\"w-form-row-field\">\r\n\t\t\t\t\t\t<input aria-label=\"E-mail\" type=\"email\" name=\"us_form_1_email_1\" value placeholder=\"Th\u01b0 \u0111i\u1ec7n t\u1eed *\" data-required=\"true\" aria-required=\"true\"\/>\r\n\t\t\t<\/div>\r\n\t\t<div class=\"w-form-row-state\">Vui l\u00f2ng nh\u1eadp \u0111\u1ecba ch\u1ec9 email h\u1ee3p l\u1ec7.<\/div>\r\n<\/div>\r\n<div class=\"w-form-row for_text cols_2\">\r\n\t\t<div class=\"w-form-row-field\">\r\n\t\t\t\t\t\t<input aria-label=\"\u0110i\u1ec7n tho\u1ea1i\/WhatsApp\/Skype\" type=\"text\" name=\"us_form_1_text_2\" value placeholder=\"\u0110i\u1ec7n tho\u1ea1i\/WhatsApp\/Skype\"\/>\r\n\t\t\t<\/div>\r\n\t\t<div class=\"w-form-row-state\">\u0110i\u1ec1n v\u00e0o tr\u01b0\u1eddng n\u00e0y<\/div>\r\n<\/div>\r\n<div class=\"w-form-row for_text cols_2\">\r\n\t\t<div class=\"w-form-row-field\">\r\n\t\t\t\t\t\t<input aria-label=\"T\u00ean c\u00f4ng ty\" type=\"text\" name=\"us_form_1_text_3\" value placeholder=\"T\u00ean c\u00f4ng ty\"\/>\r\n\t\t\t<\/div>\r\n\t\t<div class=\"w-form-row-state\">\u0110i\u1ec1n v\u00e0o tr\u01b0\u1eddng n\u00e0y<\/div>\r\n<\/div>\r\n<div class=\"w-form-row for_textarea required\">\r\n\t\t<div class=\"w-form-row-field\">\r\n\t\t\t\t\t\t<textarea aria-label=\"N\u1ed9i dung\" name=\"us_form_1_textarea_1\" placeholder=\"N\u1ed9i dung *\" data-required=\"true\" aria-required=\"true\"><\/textarea>\r\n\t\t\t<\/div>\r\n\t\t<div class=\"w-form-row-state\">\u0110i\u1ec1n v\u00e0o tr\u01b0\u1eddng n\u00e0y<\/div>\r\n<\/div>\r\n<input type=\"hidden\" name=\"action\" value=\"us_ajax_cform\" \/>\r\n<input type=\"hidden\" name=\"post_id\" value=\"94\" \/>\r\n<input type=\"hidden\" name=\"form_index\" value=\"1\" \/>\r\n<div class=\"w-form-row for_submit align_none\">\r\n\t<button class=\"w-btn  us-btn-style_1\" aria-label=\"G\u1eedi y\u00eau c\u1ea7u ngay b\u00e2y gi\u1edd \u2192\" type=\"submit\">\r\n\t\t<span class=\"g-preloader type_1\"><\/span>\r\n\t\t\t\t<span class=\"w-btn-label\">G\u1eedi y\u00eau c\u1ea7u ngay b\u00e2y gi\u1edd \u2192<\/span>\r\n\t\t\t<\/button>\r\n\t<\/div>\r\n<\/div><div class=\"w-form-message\"><\/div><div class=\"w-form-json hidden\" onclick='return {&quot;ajaxurl&quot;:&quot;https:\\\/\\\/www.transauto.cc\\\/wp-admin\\\/admin-ajax.php&quot;,&quot;messages&quot;:{&quot;err_empty&quot;:&quot;Fill out this field&quot;,&quot;err_size&quot;:&quot;File size cannot exceed %s MB&quot;,&quot;err_extension&quot;:&quot;%s file type is not allowed&quot;}}'><\/div><input type=\"hidden\" name=\"trp-form-language\" value=\"vi\"\/><\/form><\/div><\/div><\/div><\/div><\/section><a href=\"https:\/\/wa.me\/8618653224266\" class=\"whatsapp-float\" target=\"_blank\" rel=\"noopener\"><i class=\"fab fa-whatsapp\"><\/i><span>WhatsApp Us<\/span><\/a><\/p>","protected":false},"excerpt":{"rendered":"","protected":false},"author":1,"featured_media":3547,"parent":19,"menu_order":3,"comment_status":"closed","ping_status":"closed","template":"","meta":{"_kadence_starter_templates_imported_post":false,"footnotes":""},"class_list":["post-3443","page","type-page","status-publish","has-post-thumbnail","hentry"],"acf":[],"_links":{"self":[{"href":"https:\/\/www.transauto.cc\/vi\/wp-json\/wp\/v2\/pages\/3443","targetHints":{"allow":["GET"]}}],"collection":[{"href":"https:\/\/www.transauto.cc\/vi\/wp-json\/wp\/v2\/pages"}],"about":[{"href":"https:\/\/www.transauto.cc\/vi\/wp-json\/wp\/v2\/types\/page"}],"author":[{"embeddable":true,"href":"https:\/\/www.transauto.cc\/vi\/wp-json\/wp\/v2\/users\/1"}],"replies":[{"embeddable":true,"href":"https:\/\/www.transauto.cc\/vi\/wp-json\/wp\/v2\/comments?post=3443"}],"version-history":[{"count":8,"href":"https:\/\/www.transauto.cc\/vi\/wp-json\/wp\/v2\/pages\/3443\/revisions"}],"predecessor-version":[{"id":3807,"href":"https:\/\/www.transauto.cc\/vi\/wp-json\/wp\/v2\/pages\/3443\/revisions\/3807"}],"up":[{"embeddable":true,"href":"https:\/\/www.transauto.cc\/vi\/wp-json\/wp\/v2\/pages\/19"}],"wp:featuredmedia":[{"embeddable":true,"href":"https:\/\/www.transauto.cc\/vi\/wp-json\/wp\/v2\/media\/3547"}],"wp:attachment":[{"href":"https:\/\/www.transauto.cc\/vi\/wp-json\/wp\/v2\/media?parent=3443"}],"curies":[{"name":"wp","href":"https:\/\/api.w.org\/{rel}","templated":true}]}}