{"id":23,"date":"2023-11-03T17:32:05","date_gmt":"2023-11-03T09:32:05","guid":{"rendered":"https:\/\/www.transauto.cc\/?page_id=23"},"modified":"2025-10-27T10:32:57","modified_gmt":"2025-10-27T02:32:57","slug":"why-us","status":"publish","type":"page","link":"https:\/\/www.transauto.cc\/vi\/why-us\/","title":{"rendered":"T\u1ea1i sao l\u00e0 ch\u00fang t\u00f4i"},"content":{"rendered":"<section class=\"l-section wpb_row us_custom_eb849559 height_huge color_alternate with_img\"><div class=\"l-section-img\" role=\"img\" data-img-width=\"1920\" data-img-height=\"542\" style=\"background-image: url(https:\/\/www.transauto.cc\/wp-content\/uploads\/2025\/10\/WHY-1-2.jpg);\"><\/div><div class=\"l-section-h i-cf\"><div class=\"g-cols vc_row via_grid cols_1 laptops-cols_inherit tablets-cols_inherit mobiles-cols_1 valign_middle type_default stacking_default\"><div class=\"wpb_column vc_column_container us_custom_d2835efa\"><div class=\"vc_column-inner\"><\/div><\/div><\/div><\/div><\/section><section class=\"l-section wpb_row us_custom_eac59c77 height_huge\"><div class=\"l-section-h i-cf\"><div class=\"g-cols vc_row via_grid cols_2 laptops-cols_inherit tablets-cols_inherit mobiles-cols_1 valign_middle type_default stacking_default\"><div class=\"wpb_column vc_column_container\"><div class=\"vc_column-inner\"><h2 class=\"w-text\"><span class=\"w-text-h\"><span class=\"w-text-value\">Ki\u1ec3m so\u00e1t ch\u1ea5t l\u01b0\u1ee3ng<\/span><\/span><\/h2><div class=\"wpb_text_column\"><div class=\"wpb_wrapper\"><ul>\n<li>S\u1ea3n xu\u1ea5t m\u1ea1nh m\u1ebd<\/li>\n<li>Ngu\u1ed3n cung \u1ee9ng tr\u1ef1c ti\u1ebfp<\/li>\n<li>D\u1ecbch v\u1ee5 \u0111\u00e1ng tin c\u1eady<\/li>\n<\/ul>\n<\/div><\/div><\/div><\/div><div class=\"wpb_column vc_column_container\"><div class=\"vc_column-inner\"><div class=\"w-image align_none\"><div class=\"w-image-h\"><img loading=\"lazy\" decoding=\"async\" width=\"600\" height=\"424\" src=\"https:\/\/www.transauto.cc\/wp-content\/uploads\/2025\/10\/\u4f18\u52bf-\u62f7\u8d1d-1.jpg\" class=\"attachment-medium size-medium\" alt=\"\" srcset=\"https:\/\/www.transauto.cc\/wp-content\/uploads\/2025\/10\/\u4f18\u52bf-\u62f7\u8d1d-1.jpg 600w, https:\/\/www.transauto.cc\/wp-content\/uploads\/2025\/10\/\u4f18\u52bf-\u62f7\u8d1d-1-300x212.jpg 300w, https:\/\/www.transauto.cc\/wp-content\/uploads\/2025\/10\/\u4f18\u52bf-\u62f7\u8d1d-1-18x12.jpg 18w\" sizes=\"auto, (max-width: 600px) 100vw, 600px\" \/><\/div><\/div><\/div><\/div><\/div><\/div><\/section><section class=\"l-section wpb_row us_custom_dc82aecb height_huge\"><div class=\"l-section-h i-cf\"><div class=\"g-cols vc_row via_grid cols_2 laptops-cols_inherit tablets-cols_inherit mobiles-cols_1 valign_middle type_default stacking_default\"><div class=\"wpb_column vc_column_container\"><div class=\"vc_column-inner\"><div class=\"w-image align_none\"><div class=\"w-image-h\"><img loading=\"lazy\" decoding=\"async\" width=\"600\" height=\"424\" src=\"https:\/\/www.transauto.cc\/wp-content\/uploads\/2025\/10\/fuwu.jpg\" class=\"attachment-medium size-medium\" alt=\"\" srcset=\"https:\/\/www.transauto.cc\/wp-content\/uploads\/2025\/10\/fuwu.jpg 600w, https:\/\/www.transauto.cc\/wp-content\/uploads\/2025\/10\/fuwu-300x212.jpg 300w, https:\/\/www.transauto.cc\/wp-content\/uploads\/2025\/10\/fuwu-18x12.jpg 18w\" sizes=\"auto, (max-width: 600px) 100vw, 600px\" \/><\/div><\/div><\/div><\/div><div class=\"wpb_column vc_column_container\"><div class=\"vc_column-inner\"><h2 class=\"w-text\"><span class=\"w-text-h\"><span class=\"w-text-value\">D\u1ecbch v\u1ee5 m\u1ed9t c\u1eeda<\/span><\/span><\/h2><div class=\"wpb_text_column\"><div class=\"wpb_wrapper\"><ul>\n<li>Ph\u00e2n t\u00edch th\u1ecb tr\u01b0\u1eddng v\u00e0 ch\u00ednh s\u00e1ch<\/li>\n<li>T\u00f9y ch\u1ec9nh s\u1ea3n ph\u1ea9m<\/li>\n<li>T\u00ednh to\u00e1n chi ph\u00ed<\/li>\n<li>Th\u1ef1c hi\u1ec7n tu\u00e2n th\u1ee7<\/li>\n<li>Theo d\u00f5i tr\u1ef1c quan t\u1eeb \u0111\u1ea7u \u0111\u1ebfn cu\u1ed1i<\/li>\n<li>Trao quy\u1ec1n giao h\u00e0ng v\u00e0 \u0111\u00e0o t\u1ea1o<\/li>\n<\/ul>\n<\/div><\/div><\/div><\/div><\/div><\/div><\/section><section class=\"l-section wpb_row us_custom_eac59c77 height_huge\"><div class=\"l-section-h i-cf\"><div class=\"g-cols vc_row via_grid cols_2 laptops-cols_inherit tablets-cols_inherit mobiles-cols_1 valign_middle type_default stacking_default\"><div class=\"wpb_column vc_column_container\"><div class=\"vc_column-inner\"><h2 class=\"w-text\"><span class=\"w-text-h\"><span class=\"w-text-value\">H\u1ed7 tr\u1ee3 tr\u1ef1c tuy\u1ebfn 24 gi\u1edd<\/span><\/span><\/h2><div class=\"wpb_text_column\"><div class=\"wpb_wrapper\"><ul>\n<li>Chu\u1ed7i cung \u1ee9ng ph\u1ee5 t\u00f9ng thay th\u1ebf \u0111\u01b0\u1ee3c \u0111\u1ea3m b\u1ea3o<\/li>\n<\/ul>\n<\/div><\/div><\/div><\/div><div class=\"wpb_column vc_column_container\"><div class=\"vc_column-inner\"><div class=\"w-image align_none\"><div class=\"w-image-h\"><img loading=\"lazy\" decoding=\"async\" width=\"600\" height=\"209\" src=\"https:\/\/www.transauto.cc\/wp-content\/uploads\/2025\/10\/fuwu2.jpg\" class=\"attachment-medium size-medium\" alt=\"\" srcset=\"https:\/\/www.transauto.cc\/wp-content\/uploads\/2025\/10\/fuwu2.jpg 600w, https:\/\/www.transauto.cc\/wp-content\/uploads\/2025\/10\/fuwu2-300x105.jpg 300w, https:\/\/www.transauto.cc\/wp-content\/uploads\/2025\/10\/fuwu2-18x6.jpg 18w\" sizes=\"auto, (max-width: 600px) 100vw, 600px\" \/><\/div><\/div><\/div><\/div><\/div><\/div><\/section><section class=\"l-section wpb_row us_custom_315b8835 height_huge\"><div class=\"l-section-overlay\" style=\"background:var(--color-content-border)\"><\/div><div class=\"l-section-h i-cf\"><div class=\"g-cols vc_row via_grid cols_1 laptops-cols_inherit tablets-cols_inherit mobiles-cols_1 valign_top type_default stacking_default\"><div class=\"wpb_column vc_column_container\"><div class=\"vc_column-inner\"><h2 class=\"w-text us_custom_eb849559\"><span class=\"w-text-h\"><span class=\"w-text-value\">C\u00e2u h\u1ecfi th\u01b0\u1eddng g\u1eb7p<\/span><\/span><\/h2><div class=\"w-tabs style_default switch_click accordion has_scrolling remove_indents\" style=\"--sections-title-size:inherit\"><div class=\"w-tabs-sections titles-align_none icon_plus cpos_right\"><div class=\"w-tabs-section active\" id=\"c06b\"><button class=\"w-tabs-section-header active\" aria-controls=\"content-c06b\" aria-expanded=\"true\"><h6 class=\"w-tabs-section-title\">nh\u1eefng c\u00e1ch h\u1eadu c\u1ea7n m\u00e0 b\u1ea1n c\u00f3 th\u1ec3 l\u00e0m cho l\u00f4 h\u00e0ng l\u00e0 g\u00ec?<\/h6><div class=\"w-tabs-section-control\"><\/div><\/button><div  class=\"w-tabs-section-content\" id=\"content-c06b\"><div class=\"w-tabs-section-content-h i-cf\"><div class=\"wpb_text_column\"><div class=\"wpb_wrapper\"><p>Ch\u00fang t\u00f4i c\u00f3 th\u1ec3 v\u1eadn chuy\u1ec3n m\u00e1y m\u00f3c x\u00e2y d\u1ef1ng b\u1eb1ng nhi\u1ec1u c\u00f4ng c\u1ee5 v\u1eadn chuy\u1ec3n kh\u00e1c nhau. (1) \u0111\u1ed1i v\u1edbi h\u1ea7u h\u1ebft l\u00f4 h\u00e0ng c\u1ee7a ch\u00fang t\u00f4i, m\u00e1y s\u1ebd \u0111\u01b0\u1ee3c v\u1eadn chuy\u1ec3n b\u1eb1ng container ho\u1eb7c Ro-Ro\/l\u00f4 h\u00e0ng r\u1eddi. (2) \u0111\u1ed1i v\u1edbi c\u00e1c qu\u1ed1c gia l\u00e2n c\u1eadn n\u1ed9i \u0111\u1ecba c\u1ee7a Trung Qu\u1ed1c, ch\u00fang t\u00f4i c\u00f3 th\u1ec3 g\u1eedi m\u00e1y b\u1eb1ng \u0111\u01b0\u1eddng b\u1ed9 ho\u1eb7c \u0111\u01b0\u1eddng s\u1eaft. (3) \u0111\u1ed1i v\u1edbi c\u00e1c ph\u1ee5 t\u00f9ng thay th\u1ebf c\u00f3 nhu c\u1ea7u kh\u1ea9n c\u1ea5p, ch\u00fang t\u00f4i c\u00f3 th\u1ec3 g\u1eedi ch\u00fang b\u1eb1ng DHL, TNT, UPS ho\u1eb7c FEDEX.<\/p>\n<\/div><\/div><\/div><\/div><\/div><div class=\"w-tabs-section\" id=\"b16c\"><button class=\"w-tabs-section-header\" aria-controls=\"content-b16c\" aria-expanded=\"false\"><h6 class=\"w-tabs-section-title\">Ch\u00fang t\u00f4i mu\u1ed1n nh\u1eadp s\u1ea3n ph\u1ea9m b\u1eb1ng CKD ho\u1eb7c SKD, b\u1ea1n c\u00f3 l\u00e0m \u0111\u01b0\u1ee3c kh\u00f4ng?<\/h6><div class=\"w-tabs-section-control\"><\/div><\/button><div  class=\"w-tabs-section-content\" id=\"content-b16c\"><div class=\"w-tabs-section-content-h i-cf\"><div class=\"wpb_text_column\"><div class=\"wpb_wrapper\"><p>Kh\u00f4ng sao, ch\u00fang t\u00f4i c\u00f3 th\u1ec3 h\u1ed7 tr\u1ee3 CKD ho\u1eb7c SKD t\u00f9y theo t\u00ecnh tr\u1ea1ng kh\u00e1c nhau.<\/p>\n<\/div><\/div><\/div><\/div><\/div><div class=\"w-tabs-section\" id=\"k238\"><button class=\"w-tabs-section-header\" aria-controls=\"content-k238\" aria-expanded=\"false\"><h6 class=\"w-tabs-section-title\">Ch\u00fang t\u00f4i mu\u1ed1n m\u1ed9t chi\u1ebfc xe t\u1ea3i c\u00f3 l\u1ed1p kh\u00f4ng s\u0103m, \u0111\u01b0\u1ee3c kh\u00f4ng?<\/h6><div class=\"w-tabs-section-control\"><\/div><\/button><div  class=\"w-tabs-section-content\" id=\"content-k238\"><div class=\"w-tabs-section-content-h i-cf\"><div class=\"wpb_text_column\"><div class=\"wpb_wrapper\"><p>Kh\u00f4ng sao, l\u1ed1p radial v\u00e0 l\u1ed1p kh\u00f4ng s\u0103m l\u00e0 t\u00f9y ch\u1ecdn.<\/p>\n<\/div><\/div><\/div><\/div><\/div><div class=\"w-tabs-section\" id=\"p30f\"><button class=\"w-tabs-section-header\" aria-controls=\"content-p30f\" aria-expanded=\"false\"><h6 class=\"w-tabs-section-title\">B\u1ea1n ch\u1ea5p nh\u1eadn ph\u01b0\u01a1ng th\u1ee9c thanh to\u00e1n n\u00e0o?<\/h6><div class=\"w-tabs-section-control\"><\/div><\/button><div  class=\"w-tabs-section-content\" id=\"content-p30f\"><div class=\"w-tabs-section-content-h i-cf\"><div class=\"wpb_text_column\"><div class=\"wpb_wrapper\"><p>L\/C v\u00e0 T\/T<\/p>\n<\/div><\/div><\/div><\/div><\/div><div class=\"w-tabs-section\" id=\"l3d7\"><button class=\"w-tabs-section-header\" aria-controls=\"content-l3d7\" aria-expanded=\"false\"><h6 class=\"w-tabs-section-title\">Th\u1ebf m\u1ea1nh c\u1ee7a b\u1ea1n l\u00e0 g\u00ec?<\/h6><div class=\"w-tabs-section-control\"><\/div><\/button><div  class=\"w-tabs-section-content\" id=\"content-l3d7\"><div class=\"w-tabs-section-content-h i-cf\"><div class=\"wpb_text_column\"><div class=\"wpb_wrapper\"><p>Ch\u00fang t\u00f4i c\u00f3 15 n\u0103m kinh nghi\u1ec7m l\u00e0m vi\u1ec7c xu\u1ea5t kh\u1ea9u. C\u00e1c s\u1ea3n ph\u1ea9m hi\u1ec7n t\u1ea1i \u0111\u00e3 \u0111\u01b0\u1ee3c xu\u1ea5t kh\u1ea9u sang Ch\u00e2u Phi, Trung \u0110\u00f4ng, \u0110\u00f4ng Nam \u00c1, Nam America.etc, t\u1ea1i h\u01a1n 60 qu\u1ed1c gia v\u00e0 khu v\u1ef1c tr\u00ean th\u1ebf gi\u1edbi. Ch\u00fang t\u00f4i c\u00f3 \u0111\u1ed9i ng\u0169 k\u1ef9 thu\u1eadt d\u1ecbch v\u1ee5 h\u1eadu m\u00e3i chuy\u00ean nghi\u1ec7p c\u00f3 th\u1ec3 gi\u1ea3i quy\u1ebft nh\u1eefng r\u1eafc r\u1ed1i c\u1ee7a b\u1ea1n trong th\u1eddi gian.<\/p>\n<\/div><\/div><\/div><\/div><\/div><\/div><\/div><\/div><\/div><\/div><\/div><\/section>","protected":false},"excerpt":{"rendered":"","protected":false},"author":1,"featured_media":0,"parent":0,"menu_order":0,"comment_status":"closed","ping_status":"closed","template":"","meta":{"_kadence_starter_templates_imported_post":false,"footnotes":""},"class_list":["post-23","page","type-page","status-publish","hentry"],"acf":[],"_links":{"self":[{"href":"https:\/\/www.transauto.cc\/vi\/wp-json\/wp\/v2\/pages\/23","targetHints":{"allow":["GET"]}}],"collection":[{"href":"https:\/\/www.transauto.cc\/vi\/wp-json\/wp\/v2\/pages"}],"about":[{"href":"https:\/\/www.transauto.cc\/vi\/wp-json\/wp\/v2\/types\/page"}],"author":[{"embeddable":true,"href":"https:\/\/www.transauto.cc\/vi\/wp-json\/wp\/v2\/users\/1"}],"replies":[{"embeddable":true,"href":"https:\/\/www.transauto.cc\/vi\/wp-json\/wp\/v2\/comments?post=23"}],"version-history":[{"count":7,"href":"https:\/\/www.transauto.cc\/vi\/wp-json\/wp\/v2\/pages\/23\/revisions"}],"predecessor-version":[{"id":3775,"href":"https:\/\/www.transauto.cc\/vi\/wp-json\/wp\/v2\/pages\/23\/revisions\/3775"}],"wp:attachment":[{"href":"https:\/\/www.transauto.cc\/vi\/wp-json\/wp\/v2\/media?parent=23"}],"curies":[{"name":"wp","href":"https:\/\/api.w.org\/{rel}","templated":true}]}}