{"id":3493,"date":"2024-10-30T11:15:18","date_gmt":"2024-10-30T03:15:18","guid":{"rendered":"https:\/\/www.transauto.cc\/?page_id=3493"},"modified":"2025-10-29T15:06:47","modified_gmt":"2025-10-29T07:06:47","slug":"truck-crane","status":"publish","type":"page","link":"https:\/\/www.transauto.cc\/pt\/news\/products\/truck-crane\/","title":{"rendered":"Caminh\u00e3o guindaste"},"content":{"rendered":"<section class=\"l-section wpb_row us_custom_31b9ec70 height_huge\"><div class=\"l-section-h i-cf\"><div class=\"g-cols vc_row via_grid cols_1 laptops-cols_inherit tablets-cols_inherit mobiles-cols_1 valign_top type_default stacking_default\"><div class=\"wpb_column vc_column_container\"><div class=\"vc_column-inner\"><h1 class=\"w-post-elm post_title us_custom_e8d85284 has_text_color entry-title color_link_inherit\">Caminh\u00e3o guindaste<\/h1><div class=\"wpb_text_column\"><div class=\"wpb_wrapper\"><p>\u00a0<\/p>\n<p style=\"text-align: left;\"><span style=\"color: #ffffff;\">O guindaste de terreno \u00e9 amplamente utilizado na constru\u00e7\u00e3o de f\u00e1bricas, reconstru\u00e7\u00e3o urbana, transporte rodovi\u00e1rio, portos, pontes, campos petrol\u00edferos, instala\u00e7\u00f5es de energia e outros ambientes operacionais complexos.<\/span><\/p>\n<p style=\"text-align: left;\"><img fetchpriority=\"high\" decoding=\"async\" class=\"alignnone wp-image-3881 size-full\" src=\"https:\/\/www.transauto.cc\/wp-content\/uploads\/2025\/10\/jimeng-2025-10-29-9872-\u62f7\u8d1d.jpg\" alt=\"\" width=\"1200\" height=\"506\" srcset=\"https:\/\/www.transauto.cc\/wp-content\/uploads\/2025\/10\/jimeng-2025-10-29-9872-\u62f7\u8d1d.jpg 1200w, https:\/\/www.transauto.cc\/wp-content\/uploads\/2025\/10\/jimeng-2025-10-29-9872-\u62f7\u8d1d-600x253.jpg 600w, https:\/\/www.transauto.cc\/wp-content\/uploads\/2025\/10\/jimeng-2025-10-29-9872-\u62f7\u8d1d-1024x432.jpg 1024w, https:\/\/www.transauto.cc\/wp-content\/uploads\/2025\/10\/jimeng-2025-10-29-9872-\u62f7\u8d1d-300x127.jpg 300w, https:\/\/www.transauto.cc\/wp-content\/uploads\/2025\/10\/jimeng-2025-10-29-9872-\u62f7\u8d1d-18x8.jpg 18w\" sizes=\"(max-width: 1200px) 100vw, 1200px\" \/><\/p>\n<h5><span style=\"color: #ffffff;\">Detalhes<\/span><\/h5>\n<p><img decoding=\"async\" class=\"alignnone size-full wp-image-3878\" src=\"https:\/\/www.transauto.cc\/wp-content\/uploads\/2025\/10\/\u540a\u8f66\u7ec6\u8282.png\" alt=\"\" width=\"1200\" height=\"700\" srcset=\"https:\/\/www.transauto.cc\/wp-content\/uploads\/2025\/10\/\u540a\u8f66\u7ec6\u8282.png 1200w, https:\/\/www.transauto.cc\/wp-content\/uploads\/2025\/10\/\u540a\u8f66\u7ec6\u8282-600x350.png 600w, https:\/\/www.transauto.cc\/wp-content\/uploads\/2025\/10\/\u540a\u8f66\u7ec6\u8282-1024x597.png 1024w, https:\/\/www.transauto.cc\/wp-content\/uploads\/2025\/10\/\u540a\u8f66\u7ec6\u8282-300x175.png 300w, https:\/\/www.transauto.cc\/wp-content\/uploads\/2025\/10\/\u540a\u8f66\u7ec6\u8282-18x12.png 18w\" sizes=\"(max-width: 1200px) 100vw, 1200px\" \/><\/p>\n<\/div><\/div><\/div><\/div><\/div><\/div><\/section><section class=\"l-section wpb_row us_custom_eb849559 height_huge with_img\" id=\"inquiry\"><div class=\"l-section-img\" role=\"img\" data-img-width=\"1500\" data-img-height=\"844\" style=\"background-image: url(https:\/\/www.transauto.cc\/wp-content\/uploads\/2023\/11\/file_01635499033778.webp);background-repeat: no-repeat;\"><\/div><div class=\"l-section-h i-cf\"><div class=\"g-cols vc_row via_grid cols_1 laptops-cols_inherit tablets-cols_inherit mobiles-cols_1 valign_top type_default stacking_default\"><div class=\"wpb_column vc_column_container\"><div class=\"vc_column-inner\"><h2 class=\"w-text us_custom_6df4bc3a has_text_color\"><span class=\"w-text-h\"><span class=\"w-text-value\">Consulte agora<\/span><\/span><\/h2><div class=\"wpb_text_column us_custom_5fee22f6 has_text_color\"><div class=\"wpb_wrapper\"><p>Use nosso formul\u00e1rio de contato em nossa p\u00e1gina de detalhes de contato ou ligue para n\u00f3s para discutir mais sobre este produto.<\/p>\n<\/div><\/div><div class=\"w-separator size_medium\"><\/div><form class=\"w-form  us-field-style_1 layout_ver for_cform us_form_1\" autocomplete=\"off\" action=\"https:\/\/www.transauto.cc\/pt\/pt\/wp-json\/wp\/v2\/pages\/3493\" method=\"post\" data-trp-original-action=\"https:\/\/www.transauto.cc\/pt\/pt\/wp-json\/wp\/v2\/pages\/3493\"><div class=\"w-form-h\"><div class=\"w-form-row for_text required cols_2\">\r\n\t\t<div class=\"w-form-row-field\">\r\n\t\t\t\t\t\t<input aria-label=\"Seu nome\" type=\"text\" name=\"us_form_1_text_1\" value placeholder=\"Seu nome *\" data-required=\"true\" aria-required=\"true\"\/>\r\n\t\t\t<\/div>\r\n\t\t<div class=\"w-form-row-state\">Preencha este campo<\/div>\r\n<\/div>\r\n<div class=\"w-form-row for_email required cols_2\">\r\n\t\t<div class=\"w-form-row-field\">\r\n\t\t\t\t\t\t<input aria-label=\"E-mail\" type=\"email\" name=\"us_form_1_email_1\" value placeholder=\"E-mail *\" data-required=\"true\" aria-required=\"true\"\/>\r\n\t\t\t<\/div>\r\n\t\t<div class=\"w-form-row-state\">Por favor, insira um endere\u00e7o de e-mail v\u00e1lido.<\/div>\r\n<\/div>\r\n<div class=\"w-form-row for_text cols_2\">\r\n\t\t<div class=\"w-form-row-field\">\r\n\t\t\t\t\t\t<input aria-label=\"Telefone\/WhatsApp\/Skype\" type=\"text\" name=\"us_form_1_text_2\" value placeholder=\"Telefone\/WhatsApp\/Skype\"\/>\r\n\t\t\t<\/div>\r\n\t\t<div class=\"w-form-row-state\">Preencha este campo<\/div>\r\n<\/div>\r\n<div class=\"w-form-row for_text cols_2\">\r\n\t\t<div class=\"w-form-row-field\">\r\n\t\t\t\t\t\t<input aria-label=\"Nome da empresa\" type=\"text\" name=\"us_form_1_text_3\" value placeholder=\"Nome da empresa\"\/>\r\n\t\t\t<\/div>\r\n\t\t<div class=\"w-form-row-state\">Preencha este campo<\/div>\r\n<\/div>\r\n<div class=\"w-form-row for_textarea required\">\r\n\t\t<div class=\"w-form-row-field\">\r\n\t\t\t\t\t\t<textarea aria-label=\"Contente\" name=\"us_form_1_textarea_1\" placeholder=\"Contente *\" data-required=\"true\" aria-required=\"true\"><\/textarea>\r\n\t\t\t<\/div>\r\n\t\t<div class=\"w-form-row-state\">Preencha este campo<\/div>\r\n<\/div>\r\n<input type=\"hidden\" name=\"action\" value=\"us_ajax_cform\" \/>\r\n<input type=\"hidden\" name=\"post_id\" value=\"94\" \/>\r\n<input type=\"hidden\" name=\"form_index\" value=\"1\" \/>\r\n<div class=\"w-form-row for_submit align_none\">\r\n\t<button class=\"w-btn  us-btn-style_1\" aria-label=\"Enviar consulta agora \u2192\" type=\"submit\">\r\n\t\t<span class=\"g-preloader type_1\"><\/span>\r\n\t\t\t\t<span class=\"w-btn-label\">Enviar consulta agora \u2192<\/span>\r\n\t\t\t<\/button>\r\n\t<\/div>\r\n<\/div><div class=\"w-form-message\"><\/div><div class=\"w-form-json hidden\" onclick='return {&quot;ajaxurl&quot;:&quot;https:\\\/\\\/www.transauto.cc\\\/wp-admin\\\/admin-ajax.php&quot;,&quot;messages&quot;:{&quot;err_empty&quot;:&quot;Fill out this field&quot;,&quot;err_size&quot;:&quot;File size cannot exceed %s MB&quot;,&quot;err_extension&quot;:&quot;%s file type is not allowed&quot;}}'><\/div><input type=\"hidden\" name=\"trp-form-language\" value=\"pt\"\/><\/form><\/div><\/div><\/div><\/div><\/section><a href=\"https:\/\/wa.me\/8618653224266\" class=\"whatsapp-float\" target=\"_blank\" rel=\"noopener\"><i class=\"fab fa-whatsapp\"><\/i><span>WhatsApp Us<\/span><\/a><\/p>","protected":false},"excerpt":{"rendered":"","protected":false},"author":1,"featured_media":3567,"parent":19,"menu_order":8,"comment_status":"closed","ping_status":"closed","template":"","meta":{"_kadence_starter_templates_imported_post":false,"footnotes":""},"class_list":["post-3493","page","type-page","status-publish","has-post-thumbnail","hentry"],"acf":[],"_links":{"self":[{"href":"https:\/\/www.transauto.cc\/pt\/wp-json\/wp\/v2\/pages\/3493","targetHints":{"allow":["GET"]}}],"collection":[{"href":"https:\/\/www.transauto.cc\/pt\/wp-json\/wp\/v2\/pages"}],"about":[{"href":"https:\/\/www.transauto.cc\/pt\/wp-json\/wp\/v2\/types\/page"}],"author":[{"embeddable":true,"href":"https:\/\/www.transauto.cc\/pt\/wp-json\/wp\/v2\/users\/1"}],"replies":[{"embeddable":true,"href":"https:\/\/www.transauto.cc\/pt\/wp-json\/wp\/v2\/comments?post=3493"}],"version-history":[{"count":9,"href":"https:\/\/www.transauto.cc\/pt\/wp-json\/wp\/v2\/pages\/3493\/revisions"}],"predecessor-version":[{"id":3882,"href":"https:\/\/www.transauto.cc\/pt\/wp-json\/wp\/v2\/pages\/3493\/revisions\/3882"}],"up":[{"embeddable":true,"href":"https:\/\/www.transauto.cc\/pt\/wp-json\/wp\/v2\/pages\/19"}],"wp:featuredmedia":[{"embeddable":true,"href":"https:\/\/www.transauto.cc\/pt\/wp-json\/wp\/v2\/media\/3567"}],"wp:attachment":[{"href":"https:\/\/www.transauto.cc\/pt\/wp-json\/wp\/v2\/media?parent=3493"}],"curies":[{"name":"wp","href":"https:\/\/api.w.org\/{rel}","templated":true}]}}