{"id":23,"date":"2023-11-03T17:32:05","date_gmt":"2023-11-03T09:32:05","guid":{"rendered":"https:\/\/www.transauto.cc\/?page_id=23"},"modified":"2025-10-27T10:32:57","modified_gmt":"2025-10-27T02:32:57","slug":"why-us","status":"publish","type":"page","link":"https:\/\/www.transauto.cc\/pt\/why-us\/","title":{"rendered":"Por que n\u00f3s"},"content":{"rendered":"<section class=\"l-section wpb_row us_custom_eb849559 height_huge color_alternate with_img\"><div class=\"l-section-img\" role=\"img\" data-img-width=\"1920\" data-img-height=\"542\" style=\"background-image: url(https:\/\/www.transauto.cc\/wp-content\/uploads\/2025\/10\/WHY-1-2.jpg);\"><\/div><div class=\"l-section-h i-cf\"><div class=\"g-cols vc_row via_grid cols_1 laptops-cols_inherit tablets-cols_inherit mobiles-cols_1 valign_middle type_default stacking_default\"><div class=\"wpb_column vc_column_container us_custom_d2835efa\"><div class=\"vc_column-inner\"><\/div><\/div><\/div><\/div><\/section><section class=\"l-section wpb_row us_custom_eac59c77 height_huge\"><div class=\"l-section-h i-cf\"><div class=\"g-cols vc_row via_grid cols_2 laptops-cols_inherit tablets-cols_inherit mobiles-cols_1 valign_middle type_default stacking_default\"><div class=\"wpb_column vc_column_container\"><div class=\"vc_column-inner\"><h2 class=\"w-text\"><span class=\"w-text-h\"><span class=\"w-text-value\">Quality Control<\/span><\/span><\/h2><div class=\"wpb_text_column\"><div class=\"wpb_wrapper\"><ul>\n<li>Powerful Manufacturing<\/li>\n<li>Direct Sourcing<\/li>\n<li>Reliable Service<\/li>\n<\/ul>\n<\/div><\/div><\/div><\/div><div class=\"wpb_column vc_column_container\"><div class=\"vc_column-inner\"><div class=\"w-image align_none\"><div class=\"w-image-h\"><img loading=\"lazy\" decoding=\"async\" width=\"600\" height=\"424\" src=\"https:\/\/www.transauto.cc\/wp-content\/uploads\/2025\/10\/\u4f18\u52bf-\u62f7\u8d1d-1.jpg\" class=\"attachment-medium size-medium\" alt=\"\" srcset=\"https:\/\/www.transauto.cc\/wp-content\/uploads\/2025\/10\/\u4f18\u52bf-\u62f7\u8d1d-1.jpg 600w, https:\/\/www.transauto.cc\/wp-content\/uploads\/2025\/10\/\u4f18\u52bf-\u62f7\u8d1d-1-300x212.jpg 300w, https:\/\/www.transauto.cc\/wp-content\/uploads\/2025\/10\/\u4f18\u52bf-\u62f7\u8d1d-1-18x12.jpg 18w\" sizes=\"auto, (max-width: 600px) 100vw, 600px\" \/><\/div><\/div><\/div><\/div><\/div><\/div><\/section><section class=\"l-section wpb_row us_custom_dc82aecb height_huge\"><div class=\"l-section-h i-cf\"><div class=\"g-cols vc_row via_grid cols_2 laptops-cols_inherit tablets-cols_inherit mobiles-cols_1 valign_middle type_default stacking_default\"><div class=\"wpb_column vc_column_container\"><div class=\"vc_column-inner\"><div class=\"w-image align_none\"><div class=\"w-image-h\"><img loading=\"lazy\" decoding=\"async\" width=\"600\" height=\"424\" src=\"https:\/\/www.transauto.cc\/wp-content\/uploads\/2025\/10\/fuwu.jpg\" class=\"attachment-medium size-medium\" alt=\"\" srcset=\"https:\/\/www.transauto.cc\/wp-content\/uploads\/2025\/10\/fuwu.jpg 600w, https:\/\/www.transauto.cc\/wp-content\/uploads\/2025\/10\/fuwu-300x212.jpg 300w, https:\/\/www.transauto.cc\/wp-content\/uploads\/2025\/10\/fuwu-18x12.jpg 18w\" sizes=\"auto, (max-width: 600px) 100vw, 600px\" \/><\/div><\/div><\/div><\/div><div class=\"wpb_column vc_column_container\"><div class=\"vc_column-inner\"><h2 class=\"w-text\"><span class=\"w-text-h\"><span class=\"w-text-value\">One-stop Service<\/span><\/span><\/h2><div class=\"wpb_text_column\"><div class=\"wpb_wrapper\"><ul>\n<li>Market &amp; Policy Analysis<\/li>\n<li>Product Customization<\/li>\n<li>Cost Calculation<\/li>\n<li>Compliant Fulfillment<\/li>\n<li>End-to-End Visual Tracking<\/li>\n<li>Delivery &amp; Training Empowerment<\/li>\n<\/ul>\n<\/div><\/div><\/div><\/div><\/div><\/div><\/section><section class=\"l-section wpb_row us_custom_eac59c77 height_huge\"><div class=\"l-section-h i-cf\"><div class=\"g-cols vc_row via_grid cols_2 laptops-cols_inherit tablets-cols_inherit mobiles-cols_1 valign_middle type_default stacking_default\"><div class=\"wpb_column vc_column_container\"><div class=\"vc_column-inner\"><h2 class=\"w-text\"><span class=\"w-text-h\"><span class=\"w-text-value\">24h Online Support<\/span><\/span><\/h2><div class=\"wpb_text_column\"><div class=\"wpb_wrapper\"><ul>\n<li>Guaranteed Spare Parts Supply Chain<\/li>\n<\/ul>\n<\/div><\/div><\/div><\/div><div class=\"wpb_column vc_column_container\"><div class=\"vc_column-inner\"><div class=\"w-image align_none\"><div class=\"w-image-h\"><img loading=\"lazy\" decoding=\"async\" width=\"600\" height=\"209\" src=\"https:\/\/www.transauto.cc\/wp-content\/uploads\/2025\/10\/fuwu2.jpg\" class=\"attachment-medium size-medium\" alt=\"\" srcset=\"https:\/\/www.transauto.cc\/wp-content\/uploads\/2025\/10\/fuwu2.jpg 600w, https:\/\/www.transauto.cc\/wp-content\/uploads\/2025\/10\/fuwu2-300x105.jpg 300w, https:\/\/www.transauto.cc\/wp-content\/uploads\/2025\/10\/fuwu2-18x6.jpg 18w\" sizes=\"auto, (max-width: 600px) 100vw, 600px\" \/><\/div><\/div><\/div><\/div><\/div><\/div><\/section><section class=\"l-section wpb_row us_custom_315b8835 height_huge\"><div class=\"l-section-overlay\" style=\"background:var(--color-content-border)\"><\/div><div class=\"l-section-h i-cf\"><div class=\"g-cols vc_row via_grid cols_1 laptops-cols_inherit tablets-cols_inherit mobiles-cols_1 valign_top type_default stacking_default\"><div class=\"wpb_column vc_column_container\"><div class=\"vc_column-inner\"><h2 class=\"w-text us_custom_eb849559\"><span class=\"w-text-h\"><span class=\"w-text-value\">Perguntas frequentes<\/span><\/span><\/h2><div class=\"w-tabs style_default switch_click accordion has_scrolling remove_indents\" style=\"--sections-title-size:inherit\"><div class=\"w-tabs-sections titles-align_none icon_plus cpos_right\"><div class=\"w-tabs-section active\" id=\"z241\"><button class=\"w-tabs-section-header active\" aria-controls=\"content-z241\" aria-expanded=\"true\"><h6 class=\"w-tabs-section-title\">quais s\u00e3o as formas log\u00edsticas que voc\u00ea pode trabalhar para o envio?<\/h6><div class=\"w-tabs-section-control\"><\/div><\/button><div  class=\"w-tabs-section-content\" id=\"content-z241\"><div class=\"w-tabs-section-content-h i-cf\"><div class=\"wpb_text_column\"><div class=\"wpb_wrapper\"><p>Podemos enviar m\u00e1quinas de constru\u00e7\u00e3o por meio de v\u00e1rias ferramentas de transporte. (1) para a maior parte de nossa remessa, a m\u00e1quina ir\u00e1 por cont\u00eainer ou remessa Ro-Ro\/a granel. (2) para pa\u00edses vizinhos do interior da China, podemos enviar m\u00e1quinas por estrada ou ferrovia.(3)para pe\u00e7as de reposi\u00e7\u00e3o com demanda urgente, podemos envi\u00e1-las por DHL, TNT, UPS ou FEDEX.<\/p>\n<\/div><\/div><\/div><\/div><\/div><div class=\"w-tabs-section\" id=\"h343\"><button class=\"w-tabs-section-header\" aria-controls=\"content-h343\" aria-expanded=\"false\"><h6 class=\"w-tabs-section-title\">Queremos importar produtos em CKD ou SKD, voc\u00ea poderia fazer isso?<\/h6><div class=\"w-tabs-section-control\"><\/div><\/button><div  class=\"w-tabs-section-content\" id=\"content-h343\"><div class=\"w-tabs-section-content-h i-cf\"><div class=\"wpb_text_column\"><div class=\"wpb_wrapper\"><p>Tudo bem, podemos oferecer suporte a CKD ou SKD de acordo com diferentes condi\u00e7\u00f5es.<\/p>\n<\/div><\/div><\/div><\/div><\/div><div class=\"w-tabs-section\" id=\"s462\"><button class=\"w-tabs-section-header\" aria-controls=\"content-s462\" aria-expanded=\"false\"><h6 class=\"w-tabs-section-title\">queremos caminh\u00e3o com pneu sem c\u00e2mara, tudo bem?<\/h6><div class=\"w-tabs-section-control\"><\/div><\/button><div  class=\"w-tabs-section-content\" id=\"content-s462\"><div class=\"w-tabs-section-content-h i-cf\"><div class=\"wpb_text_column\"><div class=\"wpb_wrapper\"><p>Tudo bem, pneu radial e pneu sem c\u00e2mara s\u00e3o opcionais.<\/p>\n<\/div><\/div><\/div><\/div><\/div><div class=\"w-tabs-section\" id=\"r573\"><button class=\"w-tabs-section-header\" aria-controls=\"content-r573\" aria-expanded=\"false\"><h6 class=\"w-tabs-section-title\">Qual m\u00e9todo de pagamento voc\u00ea aceita?<\/h6><div class=\"w-tabs-section-control\"><\/div><\/button><div  class=\"w-tabs-section-content\" id=\"content-r573\"><div class=\"w-tabs-section-content-h i-cf\"><div class=\"wpb_text_column\"><div class=\"wpb_wrapper\"><p>L\/C e T\/T<\/p>\n<\/div><\/div><\/div><\/div><\/div><div class=\"w-tabs-section\" id=\"l656\"><button class=\"w-tabs-section-header\" aria-controls=\"content-l656\" aria-expanded=\"false\"><h6 class=\"w-tabs-section-title\">Quais s\u00e3o os seus pontos fortes?<\/h6><div class=\"w-tabs-section-control\"><\/div><\/button><div  class=\"w-tabs-section-content\" id=\"content-l656\"><div class=\"w-tabs-section-content-h i-cf\"><div class=\"wpb_text_column\"><div class=\"wpb_wrapper\"><p>Temos 15 anos de experi\u00eancia de trabalho em exporta\u00e7\u00e3o. Os produtos atuais foram exportados para \u00c1frica, Oriente M\u00e9dio, Sudeste Asi\u00e1tico, Am\u00e9rica do Sul. Etc, em mais de 60 pa\u00edses e regi\u00f5es do mundo. pode resolver seus problemas a tempo.<\/p>\n<\/div><\/div><\/div><\/div><\/div><\/div><\/div><\/div><\/div><\/div><\/div><\/section>","protected":false},"excerpt":{"rendered":"","protected":false},"author":1,"featured_media":0,"parent":0,"menu_order":0,"comment_status":"closed","ping_status":"closed","template":"","meta":{"_kadence_starter_templates_imported_post":false,"footnotes":""},"class_list":["post-23","page","type-page","status-publish","hentry"],"acf":[],"_links":{"self":[{"href":"https:\/\/www.transauto.cc\/pt\/wp-json\/wp\/v2\/pages\/23","targetHints":{"allow":["GET"]}}],"collection":[{"href":"https:\/\/www.transauto.cc\/pt\/wp-json\/wp\/v2\/pages"}],"about":[{"href":"https:\/\/www.transauto.cc\/pt\/wp-json\/wp\/v2\/types\/page"}],"author":[{"embeddable":true,"href":"https:\/\/www.transauto.cc\/pt\/wp-json\/wp\/v2\/users\/1"}],"replies":[{"embeddable":true,"href":"https:\/\/www.transauto.cc\/pt\/wp-json\/wp\/v2\/comments?post=23"}],"version-history":[{"count":7,"href":"https:\/\/www.transauto.cc\/pt\/wp-json\/wp\/v2\/pages\/23\/revisions"}],"predecessor-version":[{"id":3775,"href":"https:\/\/www.transauto.cc\/pt\/wp-json\/wp\/v2\/pages\/23\/revisions\/3775"}],"wp:attachment":[{"href":"https:\/\/www.transauto.cc\/pt\/wp-json\/wp\/v2\/media?parent=23"}],"curies":[{"name":"wp","href":"https:\/\/api.w.org\/{rel}","templated":true}]}}