{"id":3476,"date":"2024-10-28T11:10:05","date_gmt":"2024-10-28T03:10:05","guid":{"rendered":"https:\/\/www.transauto.cc\/?page_id=3476"},"modified":"2025-10-28T15:55:29","modified_gmt":"2025-10-28T07:55:29","slug":"beiben-truck","status":"publish","type":"page","link":"https:\/\/www.transauto.cc\/fr\/news\/products\/beiben-truck\/","title":{"rendered":"Camion BeiBen"},"content":{"rendered":"<section class=\"l-section wpb_row us_custom_31b9ec70 height_huge\"><div class=\"l-section-h i-cf\"><div class=\"g-cols vc_row via_grid cols_1 laptops-cols_inherit tablets-cols_inherit mobiles-cols_1 valign_top type_default stacking_default\"><div class=\"wpb_column vc_column_container\"><div class=\"vc_column-inner\"><h1 class=\"w-post-elm post_title us_custom_e8d85284 has_text_color entry-title color_link_inherit\">Camion BeiBen<\/h1><div class=\"wpb_text_column\"><div class=\"wpb_wrapper\"><p><span style=\"color: #ffffff;\">Cr\u00e9\u00e9 en 2014, Transauto est un fournisseur professionnel de camions et un fabricant de voitures \u00e9lectriques, sp\u00e9cialis\u00e9 dans les camions lourds, les voitures \u00e9lectriques, les camions d&#039;occasion, les voitures d&#039;occasion, les camions, les semi-remorques, les lignes de production et la recherche et le d\u00e9veloppement de pi\u00e8ces de rechange, la production, la vente et le service. .<\/span><\/p>\n<p><span style=\"color: #ffffff;\">We have 15 years export working experience, Company advocates the idea of \u201cChina truck, global service \u201c\uff0c \u201cService attentively and do our best\u201d\uff0c\u201dRealize Customer value with product and service\u201d, actively expand international market, the current products have been exported to Africa, the Middle East, Southeast Asia, South America.etc, more than 60 countries and regions.<\/span><\/p>\n<p><img fetchpriority=\"high\" decoding=\"async\" class=\"alignnone wp-image-3816 size-full\" src=\"https:\/\/www.transauto.cc\/wp-content\/uploads\/2025\/10\/6.jpg\" alt=\"\" width=\"1200\" height=\"440\" srcset=\"https:\/\/www.transauto.cc\/wp-content\/uploads\/2025\/10\/6.jpg 1200w, https:\/\/www.transauto.cc\/wp-content\/uploads\/2025\/10\/6-600x220.jpg 600w, https:\/\/www.transauto.cc\/wp-content\/uploads\/2025\/10\/6-1024x375.jpg 1024w, https:\/\/www.transauto.cc\/wp-content\/uploads\/2025\/10\/6-300x110.jpg 300w, https:\/\/www.transauto.cc\/wp-content\/uploads\/2025\/10\/6-18x7.jpg 18w\" sizes=\"(max-width: 1200px) 100vw, 1200px\" \/><\/p>\n<p><img loading=\"lazy\" decoding=\"async\" class=\"alignnone size-full wp-image-3481\" src=\"https:\/\/www.transauto.cc\/wp-content\/uploads\/2024\/10\/42-43-01-scaled.jpg\" alt=\"\" width=\"2560\" height=\"960\" srcset=\"https:\/\/www.transauto.cc\/wp-content\/uploads\/2024\/10\/42-43-01-scaled.jpg 2560w, https:\/\/www.transauto.cc\/wp-content\/uploads\/2024\/10\/42-43-01-600x225.jpg 600w, https:\/\/www.transauto.cc\/wp-content\/uploads\/2024\/10\/42-43-01-1024x384.jpg 1024w, https:\/\/www.transauto.cc\/wp-content\/uploads\/2024\/10\/42-43-01-300x113.jpg 300w, https:\/\/www.transauto.cc\/wp-content\/uploads\/2024\/10\/42-43-01-18x7.jpg 18w\" sizes=\"(max-width: 2560px) 100vw, 2560px\" \/><\/p>\n<h5><span style=\"color: #ffffff;\">More Details<\/span><\/h5>\n<p><img loading=\"lazy\" decoding=\"async\" class=\"alignnone size-full wp-image-3817\" src=\"https:\/\/www.transauto.cc\/wp-content\/uploads\/2025\/10\/6-2.jpg\" alt=\"\" width=\"1200\" height=\"631\" srcset=\"https:\/\/www.transauto.cc\/wp-content\/uploads\/2025\/10\/6-2.jpg 1200w, https:\/\/www.transauto.cc\/wp-content\/uploads\/2025\/10\/6-2-600x316.jpg 600w, https:\/\/www.transauto.cc\/wp-content\/uploads\/2025\/10\/6-2-1024x538.jpg 1024w, https:\/\/www.transauto.cc\/wp-content\/uploads\/2025\/10\/6-2-300x158.jpg 300w, https:\/\/www.transauto.cc\/wp-content\/uploads\/2025\/10\/6-2-18x9.jpg 18w\" sizes=\"(max-width: 1200px) 100vw, 1200px\" \/><\/p>\n<h5><span style=\"color: #ffffff;\">Others<\/span><img loading=\"lazy\" decoding=\"async\" class=\"alignnone size-full wp-image-3819\" style=\"font-size: 16px;\" src=\"https:\/\/www.transauto.cc\/wp-content\/uploads\/2025\/10\/\u5176\u4ed6\u8f66\u578b-\u5317\u5954.jpg\" alt=\"\" width=\"1200\" height=\"797\" srcset=\"https:\/\/www.transauto.cc\/wp-content\/uploads\/2025\/10\/\u5176\u4ed6\u8f66\u578b-\u5317\u5954.jpg 1200w, https:\/\/www.transauto.cc\/wp-content\/uploads\/2025\/10\/\u5176\u4ed6\u8f66\u578b-\u5317\u5954-600x399.jpg 600w, https:\/\/www.transauto.cc\/wp-content\/uploads\/2025\/10\/\u5176\u4ed6\u8f66\u578b-\u5317\u5954-1024x680.jpg 1024w, https:\/\/www.transauto.cc\/wp-content\/uploads\/2025\/10\/\u5176\u4ed6\u8f66\u578b-\u5317\u5954-300x199.jpg 300w, https:\/\/www.transauto.cc\/wp-content\/uploads\/2025\/10\/\u5176\u4ed6\u8f66\u578b-\u5317\u5954-18x12.jpg 18w\" sizes=\"auto, (max-width: 1200px) 100vw, 1200px\" \/><\/h5>\n<\/div><\/div><\/div><\/div><\/div><\/div><\/section><section class=\"l-section wpb_row us_custom_eb849559 height_huge with_img\" id=\"inquiry\"><div class=\"l-section-img\" role=\"img\" data-img-width=\"1500\" data-img-height=\"844\" style=\"background-image: url(https:\/\/www.transauto.cc\/wp-content\/uploads\/2023\/11\/file_01635499033778.webp);background-repeat: no-repeat;\"><\/div><div class=\"l-section-h i-cf\"><div class=\"g-cols vc_row via_grid cols_1 laptops-cols_inherit tablets-cols_inherit mobiles-cols_1 valign_top type_default stacking_default\"><div class=\"wpb_column vc_column_container\"><div class=\"vc_column-inner\"><h2 class=\"w-text us_custom_6df4bc3a has_text_color\"><span class=\"w-text-h\"><span class=\"w-text-value\">Demande maintenant<\/span><\/span><\/h2><div class=\"wpb_text_column us_custom_5fee22f6 has_text_color\"><div class=\"wpb_wrapper\"><p>Utilisez notre formulaire de contact sur notre page de coordonn\u00e9es ou appelez-nous pour discuter davantage de ce produit.<\/p>\n<\/div><\/div><div class=\"w-separator size_medium\"><\/div><form class=\"w-form  us-field-style_1 layout_ver for_cform us_form_1\" autocomplete=\"off\" action=\"https:\/\/www.transauto.cc\/fr\/fr\/wp-json\/wp\/v2\/pages\/3476\" method=\"post\" data-trp-original-action=\"https:\/\/www.transauto.cc\/fr\/fr\/wp-json\/wp\/v2\/pages\/3476\"><div class=\"w-form-h\"><div class=\"w-form-row for_text required cols_2\">\r\n\t\t<div class=\"w-form-row-field\">\r\n\t\t\t\t\t\t<input aria-label=\"Votre nom\" type=\"text\" name=\"us_form_1_text_1\" value placeholder=\"Votre nom *\" data-required=\"true\" aria-required=\"true\"\/>\r\n\t\t\t<\/div>\r\n\t\t<div class=\"w-form-row-state\">Vous devez remplir ce champ<\/div>\r\n<\/div>\r\n<div class=\"w-form-row for_email required cols_2\">\r\n\t\t<div class=\"w-form-row-field\">\r\n\t\t\t\t\t\t<input aria-label=\"E-mail\" type=\"email\" name=\"us_form_1_email_1\" value placeholder=\"E-mail *\" data-required=\"true\" aria-required=\"true\"\/>\r\n\t\t\t<\/div>\r\n\t\t<div class=\"w-form-row-state\">Veuillez saisir une adresse e-mail valide.<\/div>\r\n<\/div>\r\n<div class=\"w-form-row for_text cols_2\">\r\n\t\t<div class=\"w-form-row-field\">\r\n\t\t\t\t\t\t<input aria-label=\"T\u00e9l\u00e9phone\/WhatsApp\/Skype\" type=\"text\" name=\"us_form_1_text_2\" value placeholder=\"T\u00e9l\u00e9phone\/WhatsApp\/Skype\"\/>\r\n\t\t\t<\/div>\r\n\t\t<div class=\"w-form-row-state\">Vous devez remplir ce champ<\/div>\r\n<\/div>\r\n<div class=\"w-form-row for_text cols_2\">\r\n\t\t<div class=\"w-form-row-field\">\r\n\t\t\t\t\t\t<input aria-label=\"Nom de l&#039;entreprise\" type=\"text\" name=\"us_form_1_text_3\" value placeholder=\"Nom de l&#039;entreprise\"\/>\r\n\t\t\t<\/div>\r\n\t\t<div class=\"w-form-row-state\">Vous devez remplir ce champ<\/div>\r\n<\/div>\r\n<div class=\"w-form-row for_textarea required\">\r\n\t\t<div class=\"w-form-row-field\">\r\n\t\t\t\t\t\t<textarea aria-label=\"Contenu\" name=\"us_form_1_textarea_1\" placeholder=\"Contenu *\" data-required=\"true\" aria-required=\"true\"><\/textarea>\r\n\t\t\t<\/div>\r\n\t\t<div class=\"w-form-row-state\">Vous devez remplir ce champ<\/div>\r\n<\/div>\r\n<input type=\"hidden\" name=\"action\" value=\"us_ajax_cform\" \/>\r\n<input type=\"hidden\" name=\"post_id\" value=\"94\" \/>\r\n<input type=\"hidden\" name=\"form_index\" value=\"1\" \/>\r\n<div class=\"w-form-row for_submit align_none\">\r\n\t<button class=\"w-btn  us-btn-style_1\" aria-label=\"Envoyer une demande maintenant \u2192\" type=\"submit\">\r\n\t\t<span class=\"g-preloader type_1\"><\/span>\r\n\t\t\t\t<span class=\"w-btn-label\">Envoyer une demande maintenant \u2192<\/span>\r\n\t\t\t<\/button>\r\n\t<\/div>\r\n<\/div><div class=\"w-form-message\"><\/div><div class=\"w-form-json hidden\" onclick='return {&quot;ajaxurl&quot;:&quot;https:\\\/\\\/www.transauto.cc\\\/wp-admin\\\/admin-ajax.php&quot;,&quot;messages&quot;:{&quot;err_empty&quot;:&quot;Vous devez remplir ce champ&quot;,&quot;err_size&quot;:&quot;La taille du fichier ne peut pas d\\u00e9passer %s Mo&quot;,&quot;err_extension&quot;:&quot;Le type de fichier %s n&#039;est pas autoris\\u00e9&quot;}}'><\/div><input type=\"hidden\" name=\"trp-form-language\" value=\"fr\"\/><\/form><\/div><\/div><\/div><\/div><\/section><a href=\"https:\/\/wa.me\/8618653224266\" class=\"whatsapp-float\" target=\"_blank\" rel=\"noopener\"><i class=\"fab fa-whatsapp\"><\/i><span>WhatsApp Us<\/span><\/a><\/p>","protected":false},"excerpt":{"rendered":"","protected":false},"author":1,"featured_media":3556,"parent":19,"menu_order":5,"comment_status":"closed","ping_status":"closed","template":"","meta":{"_kadence_starter_templates_imported_post":false,"footnotes":""},"class_list":["post-3476","page","type-page","status-publish","has-post-thumbnail","hentry"],"acf":[],"_links":{"self":[{"href":"https:\/\/www.transauto.cc\/fr\/wp-json\/wp\/v2\/pages\/3476","targetHints":{"allow":["GET"]}}],"collection":[{"href":"https:\/\/www.transauto.cc\/fr\/wp-json\/wp\/v2\/pages"}],"about":[{"href":"https:\/\/www.transauto.cc\/fr\/wp-json\/wp\/v2\/types\/page"}],"author":[{"embeddable":true,"href":"https:\/\/www.transauto.cc\/fr\/wp-json\/wp\/v2\/users\/1"}],"replies":[{"embeddable":true,"href":"https:\/\/www.transauto.cc\/fr\/wp-json\/wp\/v2\/comments?post=3476"}],"version-history":[{"count":13,"href":"https:\/\/www.transauto.cc\/fr\/wp-json\/wp\/v2\/pages\/3476\/revisions"}],"predecessor-version":[{"id":3823,"href":"https:\/\/www.transauto.cc\/fr\/wp-json\/wp\/v2\/pages\/3476\/revisions\/3823"}],"up":[{"embeddable":true,"href":"https:\/\/www.transauto.cc\/fr\/wp-json\/wp\/v2\/pages\/19"}],"wp:featuredmedia":[{"embeddable":true,"href":"https:\/\/www.transauto.cc\/fr\/wp-json\/wp\/v2\/media\/3556"}],"wp:attachment":[{"href":"https:\/\/www.transauto.cc\/fr\/wp-json\/wp\/v2\/media?parent=3476"}],"curies":[{"name":"wp","href":"https:\/\/api.w.org\/{rel}","templated":true}]}}