{"id":23,"date":"2023-11-03T17:32:05","date_gmt":"2023-11-03T09:32:05","guid":{"rendered":"https:\/\/www.transauto.cc\/?page_id=23"},"modified":"2025-10-27T10:32:57","modified_gmt":"2025-10-27T02:32:57","slug":"why-us","status":"publish","type":"page","link":"https:\/\/www.transauto.cc\/fr\/why-us\/","title":{"rendered":"Pourquoi nous"},"content":{"rendered":"<section class=\"l-section wpb_row us_custom_eb849559 height_huge color_alternate with_img\"><div class=\"l-section-img\" role=\"img\" data-img-width=\"1920\" data-img-height=\"542\" style=\"background-image: url(https:\/\/www.transauto.cc\/wp-content\/uploads\/2025\/10\/WHY-1-2.jpg);\"><\/div><div class=\"l-section-h i-cf\"><div class=\"g-cols vc_row via_grid cols_1 laptops-cols_inherit tablets-cols_inherit mobiles-cols_1 valign_middle type_default stacking_default\"><div class=\"wpb_column vc_column_container us_custom_d2835efa\"><div class=\"vc_column-inner\"><\/div><\/div><\/div><\/div><\/section><section class=\"l-section wpb_row us_custom_eac59c77 height_huge\"><div class=\"l-section-h i-cf\"><div class=\"g-cols vc_row via_grid cols_2 laptops-cols_inherit tablets-cols_inherit mobiles-cols_1 valign_middle type_default stacking_default\"><div class=\"wpb_column vc_column_container\"><div class=\"vc_column-inner\"><h2 class=\"w-text\"><span class=\"w-text-h\"><span class=\"w-text-value\">Quality Control<\/span><\/span><\/h2><div class=\"wpb_text_column\"><div class=\"wpb_wrapper\"><ul>\n<li>Powerful Manufacturing<\/li>\n<li>Direct Sourcing<\/li>\n<li>Reliable Service<\/li>\n<\/ul>\n<\/div><\/div><\/div><\/div><div class=\"wpb_column vc_column_container\"><div class=\"vc_column-inner\"><div class=\"w-image align_none\"><div class=\"w-image-h\"><img loading=\"lazy\" decoding=\"async\" width=\"600\" height=\"424\" src=\"https:\/\/www.transauto.cc\/wp-content\/uploads\/2025\/10\/\u4f18\u52bf-\u62f7\u8d1d-1.jpg\" class=\"attachment-medium size-medium\" alt=\"\" srcset=\"https:\/\/www.transauto.cc\/wp-content\/uploads\/2025\/10\/\u4f18\u52bf-\u62f7\u8d1d-1.jpg 600w, https:\/\/www.transauto.cc\/wp-content\/uploads\/2025\/10\/\u4f18\u52bf-\u62f7\u8d1d-1-300x212.jpg 300w, https:\/\/www.transauto.cc\/wp-content\/uploads\/2025\/10\/\u4f18\u52bf-\u62f7\u8d1d-1-18x12.jpg 18w\" sizes=\"auto, (max-width: 600px) 100vw, 600px\" \/><\/div><\/div><\/div><\/div><\/div><\/div><\/section><section class=\"l-section wpb_row us_custom_dc82aecb height_huge\"><div class=\"l-section-h i-cf\"><div class=\"g-cols vc_row via_grid cols_2 laptops-cols_inherit tablets-cols_inherit mobiles-cols_1 valign_middle type_default stacking_default\"><div class=\"wpb_column vc_column_container\"><div class=\"vc_column-inner\"><div class=\"w-image align_none\"><div class=\"w-image-h\"><img loading=\"lazy\" decoding=\"async\" width=\"600\" height=\"424\" src=\"https:\/\/www.transauto.cc\/wp-content\/uploads\/2025\/10\/fuwu.jpg\" class=\"attachment-medium size-medium\" alt=\"\" srcset=\"https:\/\/www.transauto.cc\/wp-content\/uploads\/2025\/10\/fuwu.jpg 600w, https:\/\/www.transauto.cc\/wp-content\/uploads\/2025\/10\/fuwu-300x212.jpg 300w, https:\/\/www.transauto.cc\/wp-content\/uploads\/2025\/10\/fuwu-18x12.jpg 18w\" sizes=\"auto, (max-width: 600px) 100vw, 600px\" \/><\/div><\/div><\/div><\/div><div class=\"wpb_column vc_column_container\"><div class=\"vc_column-inner\"><h2 class=\"w-text\"><span class=\"w-text-h\"><span class=\"w-text-value\">One-stop Service<\/span><\/span><\/h2><div class=\"wpb_text_column\"><div class=\"wpb_wrapper\"><ul>\n<li>Market &amp; Policy Analysis<\/li>\n<li>Product Customization<\/li>\n<li>Cost Calculation<\/li>\n<li>Compliant Fulfillment<\/li>\n<li>End-to-End Visual Tracking<\/li>\n<li>Delivery &amp; Training Empowerment<\/li>\n<\/ul>\n<\/div><\/div><\/div><\/div><\/div><\/div><\/section><section class=\"l-section wpb_row us_custom_eac59c77 height_huge\"><div class=\"l-section-h i-cf\"><div class=\"g-cols vc_row via_grid cols_2 laptops-cols_inherit tablets-cols_inherit mobiles-cols_1 valign_middle type_default stacking_default\"><div class=\"wpb_column vc_column_container\"><div class=\"vc_column-inner\"><h2 class=\"w-text\"><span class=\"w-text-h\"><span class=\"w-text-value\">24h Online Support<\/span><\/span><\/h2><div class=\"wpb_text_column\"><div class=\"wpb_wrapper\"><ul>\n<li>Guaranteed Spare Parts Supply Chain<\/li>\n<\/ul>\n<\/div><\/div><\/div><\/div><div class=\"wpb_column vc_column_container\"><div class=\"vc_column-inner\"><div class=\"w-image align_none\"><div class=\"w-image-h\"><img loading=\"lazy\" decoding=\"async\" width=\"600\" height=\"209\" src=\"https:\/\/www.transauto.cc\/wp-content\/uploads\/2025\/10\/fuwu2.jpg\" class=\"attachment-medium size-medium\" alt=\"\" srcset=\"https:\/\/www.transauto.cc\/wp-content\/uploads\/2025\/10\/fuwu2.jpg 600w, https:\/\/www.transauto.cc\/wp-content\/uploads\/2025\/10\/fuwu2-300x105.jpg 300w, https:\/\/www.transauto.cc\/wp-content\/uploads\/2025\/10\/fuwu2-18x6.jpg 18w\" sizes=\"auto, (max-width: 600px) 100vw, 600px\" \/><\/div><\/div><\/div><\/div><\/div><\/div><\/section><section class=\"l-section wpb_row us_custom_315b8835 height_huge\"><div class=\"l-section-overlay\" style=\"background:var(--color-content-border)\"><\/div><div class=\"l-section-h i-cf\"><div class=\"g-cols vc_row via_grid cols_1 laptops-cols_inherit tablets-cols_inherit mobiles-cols_1 valign_top type_default stacking_default\"><div class=\"wpb_column vc_column_container\"><div class=\"vc_column-inner\"><h2 class=\"w-text us_custom_eb849559\"><span class=\"w-text-h\"><span class=\"w-text-value\">FAQ<\/span><\/span><\/h2><div class=\"w-tabs style_default switch_click accordion has_scrolling remove_indents\" style=\"--sections-title-size:inherit\"><div class=\"w-tabs-sections titles-align_none icon_plus cpos_right\"><div class=\"w-tabs-section active\" id=\"rbbf\"><button class=\"w-tabs-section-header active\" aria-controls=\"content-rbbf\" aria-expanded=\"true\"><h6 class=\"w-tabs-section-title\">Quels sont les moyens logistiques que vous pouvez utiliser pour l&#039;exp\u00e9dition\u00a0?<\/h6><div class=\"w-tabs-section-control\"><\/div><\/button><div  class=\"w-tabs-section-content\" id=\"content-rbbf\"><div class=\"w-tabs-section-content-h i-cf\"><div class=\"wpb_text_column\"><div class=\"wpb_wrapper\"><p>Nous pouvons exp\u00e9dier des machines de construction \u00e0 l&#039;aide de divers outils de transport. (1) pour la plupart de nos exp\u00e9ditions, la machine sera exp\u00e9di\u00e9e par conteneur ou par exp\u00e9dition Ro-Ro\/Bulk. (2) pour les pays voisins de la Chine, nous pouvons envoyer des machines par route ou chemin de fer.(3) pour les pi\u00e8ces de rechange en demande urgente, nous pouvons les envoyer par DHL, TNT, UPS ou FEDEX.<\/p>\n<\/div><\/div><\/div><\/div><\/div><div class=\"w-tabs-section\" id=\"kd67\"><button class=\"w-tabs-section-header\" aria-controls=\"content-kd67\" aria-expanded=\"false\"><h6 class=\"w-tabs-section-title\">Nous souhaitons importer des produits en CKD ou SKD, pourriez-vous le faire ?<\/h6><div class=\"w-tabs-section-control\"><\/div><\/button><div  class=\"w-tabs-section-content\" id=\"content-kd67\"><div class=\"w-tabs-section-content-h i-cf\"><div class=\"wpb_text_column\"><div class=\"wpb_wrapper\"><p>C&#039;est ok, nous pouvons prendre en charge CKD ou SKD selon diff\u00e9rentes conditions.<\/p>\n<\/div><\/div><\/div><\/div><\/div><div class=\"w-tabs-section\" id=\"xebe\"><button class=\"w-tabs-section-header\" aria-controls=\"content-xebe\" aria-expanded=\"false\"><h6 class=\"w-tabs-section-title\">nous voulons un camion avec un pneu tubeless, est-ce que \u00e7a va ?<\/h6><div class=\"w-tabs-section-control\"><\/div><\/button><div  class=\"w-tabs-section-content\" id=\"content-xebe\"><div class=\"w-tabs-section-content-h i-cf\"><div class=\"wpb_text_column\"><div class=\"wpb_wrapper\"><p>C&#039;est bon, le pneu radial et le pneu tubeless sont facultatifs.<\/p>\n<\/div><\/div><\/div><\/div><\/div><div class=\"w-tabs-section\" id=\"c006\"><button class=\"w-tabs-section-header\" aria-controls=\"content-c006\" aria-expanded=\"false\"><h6 class=\"w-tabs-section-title\">Quel mode de paiement acceptez-vous ?<\/h6><div class=\"w-tabs-section-control\"><\/div><\/button><div  class=\"w-tabs-section-content\" id=\"content-c006\"><div class=\"w-tabs-section-content-h i-cf\"><div class=\"wpb_text_column\"><div class=\"wpb_wrapper\"><p>LC et T\/T<\/p>\n<\/div><\/div><\/div><\/div><\/div><div class=\"w-tabs-section\" id=\"u138\"><button class=\"w-tabs-section-header\" aria-controls=\"content-u138\" aria-expanded=\"false\"><h6 class=\"w-tabs-section-title\">Quels sont vos points forts?<\/h6><div class=\"w-tabs-section-control\"><\/div><\/button><div  class=\"w-tabs-section-content\" id=\"content-u138\"><div class=\"w-tabs-section-content-h i-cf\"><div class=\"wpb_text_column\"><div class=\"wpb_wrapper\"><p>Nous avons 15 ans d&#039;exp\u00e9rience professionnelle \u00e0 l&#039;exportation. Les produits actuels ont \u00e9t\u00e9 export\u00e9s vers l&#039;Afrique, le Moyen-Orient, l&#039;Asie du Sud-Est, l&#039;Am\u00e9rique du Sud, etc., dans plus de 60 pays et r\u00e9gions du monde. Nous avons une \u00e9quipe technique de service apr\u00e8s-vente professionnelle qui peut r\u00e9soudre vos probl\u00e8mes \u00e0 temps.<\/p>\n<\/div><\/div><\/div><\/div><\/div><\/div><\/div><\/div><\/div><\/div><\/div><\/section>","protected":false},"excerpt":{"rendered":"","protected":false},"author":1,"featured_media":0,"parent":0,"menu_order":0,"comment_status":"closed","ping_status":"closed","template":"","meta":{"_kadence_starter_templates_imported_post":false,"footnotes":""},"class_list":["post-23","page","type-page","status-publish","hentry"],"acf":[],"_links":{"self":[{"href":"https:\/\/www.transauto.cc\/fr\/wp-json\/wp\/v2\/pages\/23","targetHints":{"allow":["GET"]}}],"collection":[{"href":"https:\/\/www.transauto.cc\/fr\/wp-json\/wp\/v2\/pages"}],"about":[{"href":"https:\/\/www.transauto.cc\/fr\/wp-json\/wp\/v2\/types\/page"}],"author":[{"embeddable":true,"href":"https:\/\/www.transauto.cc\/fr\/wp-json\/wp\/v2\/users\/1"}],"replies":[{"embeddable":true,"href":"https:\/\/www.transauto.cc\/fr\/wp-json\/wp\/v2\/comments?post=23"}],"version-history":[{"count":7,"href":"https:\/\/www.transauto.cc\/fr\/wp-json\/wp\/v2\/pages\/23\/revisions"}],"predecessor-version":[{"id":3775,"href":"https:\/\/www.transauto.cc\/fr\/wp-json\/wp\/v2\/pages\/23\/revisions\/3775"}],"wp:attachment":[{"href":"https:\/\/www.transauto.cc\/fr\/wp-json\/wp\/v2\/media?parent=23"}],"curies":[{"name":"wp","href":"https:\/\/api.w.org\/{rel}","templated":true}]}}