{"id":3376,"date":"2024-10-29T16:12:29","date_gmt":"2024-10-29T08:12:29","guid":{"rendered":"https:\/\/www.transauto.cc\/?page_id=3376"},"modified":"2025-10-28T17:03:10","modified_gmt":"2025-10-28T09:03:10","slug":"sinotruck-truck-howo-dump-truck","status":"publish","type":"page","link":"https:\/\/www.transauto.cc\/es\/news\/products\/sinotruck-truck-howo-dump-truck\/","title":{"rendered":"Cami\u00f3n volquete Sinotruk-HOWO"},"content":{"rendered":"<section class=\"l-section wpb_row us_custom_31b9ec70 height_huge\"><div class=\"l-section-h i-cf\"><div class=\"g-cols vc_row via_grid cols_1 laptops-cols_inherit tablets-cols_inherit mobiles-cols_1 valign_top type_default stacking_default\"><div class=\"wpb_column vc_column_container\"><div class=\"vc_column-inner\"><div class=\"wpb_text_column\"><div class=\"wpb_wrapper\"><h1 id=\"pro-name\" class=\"te_c\" style=\"text-align: center;\"><span style=\"color: #ffffff;\">\u00a0 Cami\u00f3n volquete HOWO 8X4<\/span><\/h1>\n<div class=\"full-text te_c\"><span style=\"color: #ffffff;\">El cami\u00f3n volquete Howo tiene seis caracter\u00edsticas: gran potencia, ahorro de combustible preciso, asistencia eficiente, viaje seguro y confiable, c\u00f3modo y sabidur\u00eda para disfrutar sin preocupaciones.<\/span><\/div>\n<div class=\"full-text te_c\"><span style=\"color: #ffffff;\">La funci\u00f3n de descarga autom\u00e1tica y la alta capacidad de carga del cami\u00f3n volquete Howo ayudan a mejorar la eficiencia del trabajo, reducir el tiempo de carga y descarga y mejorar la eficiencia de la cadena de suministro log\u00edstico.<\/span><\/div>\n<div>\u00a0<\/div>\n<\/div><\/div><div class=\"wpb_text_column\"><div class=\"wpb_wrapper\"><p><img fetchpriority=\"high\" decoding=\"async\" class=\"alignnone size-full wp-image-3406\" src=\"https:\/\/www.transauto.cc\/wp-content\/uploads\/2024\/10\/\u5c01\u9762-8x4-2-scaled.jpg\" alt=\"\" width=\"2560\" height=\"924\" data-wp-editing=\"1\" srcset=\"https:\/\/www.transauto.cc\/wp-content\/uploads\/2024\/10\/\u5c01\u9762-8x4-2-scaled.jpg 2560w, https:\/\/www.transauto.cc\/wp-content\/uploads\/2024\/10\/\u5c01\u9762-8x4-2-600x216.jpg 600w, https:\/\/www.transauto.cc\/wp-content\/uploads\/2024\/10\/\u5c01\u9762-8x4-2-1024x369.jpg 1024w, https:\/\/www.transauto.cc\/wp-content\/uploads\/2024\/10\/\u5c01\u9762-8x4-2-300x108.jpg 300w, https:\/\/www.transauto.cc\/wp-content\/uploads\/2024\/10\/\u5c01\u9762-8x4-2-18x6.jpg 18w\" sizes=\"(max-width: 2560px) 100vw, 2560px\" \/><\/p>\n<\/div><\/div><div class=\"wpb_text_column\"><div class=\"wpb_wrapper\"><h3>\u00a0<\/h3>\n<h3><span style=\"color: #ffffff;\"><strong>Interior confortable<\/strong><\/span><\/h3>\n<p><img loading=\"lazy\" decoding=\"async\" class=\"alignnone wp-image-3847 size-full\" src=\"https:\/\/www.transauto.cc\/wp-content\/uploads\/2025\/10\/\u4f01\u4e1a\u5fae\u4fe1\u622a\u56fe_17616415476818.jpg\" alt=\"\" width=\"2493\" height=\"770\" srcset=\"https:\/\/www.transauto.cc\/wp-content\/uploads\/2025\/10\/\u4f01\u4e1a\u5fae\u4fe1\u622a\u56fe_17616415476818.jpg 2493w, https:\/\/www.transauto.cc\/wp-content\/uploads\/2025\/10\/\u4f01\u4e1a\u5fae\u4fe1\u622a\u56fe_17616415476818-600x185.jpg 600w, https:\/\/www.transauto.cc\/wp-content\/uploads\/2025\/10\/\u4f01\u4e1a\u5fae\u4fe1\u622a\u56fe_17616415476818-1024x316.jpg 1024w, https:\/\/www.transauto.cc\/wp-content\/uploads\/2025\/10\/\u4f01\u4e1a\u5fae\u4fe1\u622a\u56fe_17616415476818-300x93.jpg 300w, https:\/\/www.transauto.cc\/wp-content\/uploads\/2025\/10\/\u4f01\u4e1a\u5fae\u4fe1\u622a\u56fe_17616415476818-18x6.jpg 18w\" sizes=\"(max-width: 2493px) 100vw, 2493px\" \/><\/p>\n<h3><span style=\"color: #ffffff;\">More Details<\/span><\/h3>\n<p><img loading=\"lazy\" decoding=\"async\" class=\"alignleft wp-image-3841\" src=\"https:\/\/www.transauto.cc\/wp-content\/uploads\/2025\/10\/Transauto-Group-Limited-18.jpg\" alt=\"\" width=\"392\" height=\"261\" srcset=\"https:\/\/www.transauto.cc\/wp-content\/uploads\/2025\/10\/Transauto-Group-Limited-18.jpg 2030w, https:\/\/www.transauto.cc\/wp-content\/uploads\/2025\/10\/Transauto-Group-Limited-18-600x400.jpg 600w, https:\/\/www.transauto.cc\/wp-content\/uploads\/2025\/10\/Transauto-Group-Limited-18-1024x683.jpg 1024w, https:\/\/www.transauto.cc\/wp-content\/uploads\/2025\/10\/Transauto-Group-Limited-18-300x200.jpg 300w, https:\/\/www.transauto.cc\/wp-content\/uploads\/2025\/10\/Transauto-Group-Limited-18-18x12.jpg 18w\" sizes=\"(max-width: 392px) 100vw, 392px\" \/><img loading=\"lazy\" decoding=\"async\" class=\"alignnone wp-image-3843\" src=\"https:\/\/www.transauto.cc\/wp-content\/uploads\/2025\/10\/Transauto-Group-Limited-38.jpg\" alt=\"\" width=\"351\" height=\"263\" \/><img loading=\"lazy\" decoding=\"async\" class=\"alignright wp-image-3842\" src=\"https:\/\/www.transauto.cc\/wp-content\/uploads\/2025\/10\/Transauto-Group-Limited-3.jpg\" alt=\"\" width=\"392\" height=\"261\" srcset=\"https:\/\/www.transauto.cc\/wp-content\/uploads\/2025\/10\/Transauto-Group-Limited-3.jpg 1971w, https:\/\/www.transauto.cc\/wp-content\/uploads\/2025\/10\/Transauto-Group-Limited-3-600x400.jpg 600w, https:\/\/www.transauto.cc\/wp-content\/uploads\/2025\/10\/Transauto-Group-Limited-3-1024x683.jpg 1024w, https:\/\/www.transauto.cc\/wp-content\/uploads\/2025\/10\/Transauto-Group-Limited-3-300x200.jpg 300w, https:\/\/www.transauto.cc\/wp-content\/uploads\/2025\/10\/Transauto-Group-Limited-3-18x12.jpg 18w\" sizes=\"auto, (max-width: 392px) 100vw, 392px\" \/><\/p>\n<\/div><\/div><div class=\"w-text no_text\"><span class=\"w-text-h\"><span class=\"w-text-value\"><\/span><\/span><\/div><\/div><\/div><\/div><\/div><\/section><section class=\"l-section wpb_row us_custom_eb849559 height_huge with_img\" id=\"inquiry\"><div class=\"l-section-img\" role=\"img\" data-img-width=\"1500\" data-img-height=\"844\" style=\"background-image: url(https:\/\/www.transauto.cc\/wp-content\/uploads\/2023\/11\/file_01635499033778.webp);background-repeat: no-repeat;\"><\/div><div class=\"l-section-h i-cf\"><div class=\"g-cols vc_row via_grid cols_1 laptops-cols_inherit tablets-cols_inherit mobiles-cols_1 valign_top type_default stacking_default\"><div class=\"wpb_column vc_column_container\"><div class=\"vc_column-inner\"><h2 class=\"w-text us_custom_6df4bc3a has_text_color\"><span class=\"w-text-h\"><span class=\"w-text-value\">Consulta ahora<\/span><\/span><\/h2><div class=\"wpb_text_column us_custom_5fee22f6 has_text_color\"><div class=\"wpb_wrapper\"><p>Utilice nuestro formulario de contacto en nuestra p\u00e1gina de detalles de contacto o ll\u00e1menos para analizar m\u00e1s este producto.<\/p>\n<\/div><\/div><div class=\"w-separator size_medium\"><\/div><form class=\"w-form  us-field-style_1 layout_ver for_cform us_form_1\" autocomplete=\"off\" action=\"https:\/\/www.transauto.cc\/es\/es\/wp-json\/wp\/v2\/pages\/3376\" method=\"post\" data-trp-original-action=\"https:\/\/www.transauto.cc\/es\/es\/wp-json\/wp\/v2\/pages\/3376\"><div class=\"w-form-h\"><div class=\"w-form-row for_text required cols_2\">\r\n\t\t<div class=\"w-form-row-field\">\r\n\t\t\t\t\t\t<input aria-label=\"Su nombre\" type=\"text\" name=\"us_form_1_text_1\" value placeholder=\"Su nombre *\" data-required=\"true\" aria-required=\"true\"\/>\r\n\t\t\t<\/div>\r\n\t\t<div class=\"w-form-row-state\">Rellena este campo<\/div>\r\n<\/div>\r\n<div class=\"w-form-row for_email required cols_2\">\r\n\t\t<div class=\"w-form-row-field\">\r\n\t\t\t\t\t\t<input aria-label=\"Correo electr\u00f3nico\" type=\"email\" name=\"us_form_1_email_1\" value placeholder=\"Correo electr\u00f3nico *\" data-required=\"true\" aria-required=\"true\"\/>\r\n\t\t\t<\/div>\r\n\t\t<div class=\"w-form-row-state\">Por favor, introduzca una direcci\u00f3n de correo electr\u00f3nico v\u00e1lida.<\/div>\r\n<\/div>\r\n<div class=\"w-form-row for_text cols_2\">\r\n\t\t<div class=\"w-form-row-field\">\r\n\t\t\t\t\t\t<input aria-label=\"Tel\u00e9fono\/WhatsApp\/Skype\" type=\"text\" name=\"us_form_1_text_2\" value placeholder=\"Tel\u00e9fono\/WhatsApp\/Skype\"\/>\r\n\t\t\t<\/div>\r\n\t\t<div class=\"w-form-row-state\">Rellena este campo<\/div>\r\n<\/div>\r\n<div class=\"w-form-row for_text cols_2\">\r\n\t\t<div class=\"w-form-row-field\">\r\n\t\t\t\t\t\t<input aria-label=\"Nombre de empresa\" type=\"text\" name=\"us_form_1_text_3\" value placeholder=\"Nombre de empresa\"\/>\r\n\t\t\t<\/div>\r\n\t\t<div class=\"w-form-row-state\">Rellena este campo<\/div>\r\n<\/div>\r\n<div class=\"w-form-row for_textarea required\">\r\n\t\t<div class=\"w-form-row-field\">\r\n\t\t\t\t\t\t<textarea aria-label=\"Contenido\" name=\"us_form_1_textarea_1\" placeholder=\"Contenido *\" data-required=\"true\" aria-required=\"true\"><\/textarea>\r\n\t\t\t<\/div>\r\n\t\t<div class=\"w-form-row-state\">Rellena este campo<\/div>\r\n<\/div>\r\n<input type=\"hidden\" name=\"action\" value=\"us_ajax_cform\" \/>\r\n<input type=\"hidden\" name=\"post_id\" value=\"94\" \/>\r\n<input type=\"hidden\" name=\"form_index\" value=\"1\" \/>\r\n<div class=\"w-form-row for_submit align_none\">\r\n\t<button class=\"w-btn  us-btn-style_1\" aria-label=\"Enviar consulta ahora \u2192\" type=\"submit\">\r\n\t\t<span class=\"g-preloader type_1\"><\/span>\r\n\t\t\t\t<span class=\"w-btn-label\">Enviar consulta ahora \u2192<\/span>\r\n\t\t\t<\/button>\r\n\t<\/div>\r\n<\/div><div class=\"w-form-message\"><\/div><div class=\"w-form-json hidden\" onclick='return {&quot;ajaxurl&quot;:&quot;https:\\\/\\\/www.transauto.cc\\\/wp-admin\\\/admin-ajax.php&quot;,&quot;messages&quot;:{&quot;err_empty&quot;:&quot;Rellena este campo&quot;,&quot;err_size&quot;:&quot;El tama\\u00f1o del archivo no puede exceder %s MB&quot;,&quot;err_extension&quot;:&quot;El tipo de archivo %s no est\\u00e1 permitido&quot;}}'><\/div><input type=\"hidden\" name=\"trp-form-language\" value=\"es\"\/><\/form><\/div><\/div><\/div><\/div><\/section><a href=\"https:\/\/wa.me\/8618653224266\" class=\"whatsapp-float\" target=\"_blank\" rel=\"noopener\"><i class=\"fab fa-whatsapp\"><\/i><span>WhatsApp Us<\/span><\/a><\/p>","protected":false},"excerpt":{"rendered":"","protected":false},"author":1,"featured_media":3551,"parent":19,"menu_order":4,"comment_status":"closed","ping_status":"closed","template":"","meta":{"_kadence_starter_templates_imported_post":false,"footnotes":""},"class_list":["post-3376","page","type-page","status-publish","has-post-thumbnail","hentry"],"acf":[],"_links":{"self":[{"href":"https:\/\/www.transauto.cc\/es\/wp-json\/wp\/v2\/pages\/3376","targetHints":{"allow":["GET"]}}],"collection":[{"href":"https:\/\/www.transauto.cc\/es\/wp-json\/wp\/v2\/pages"}],"about":[{"href":"https:\/\/www.transauto.cc\/es\/wp-json\/wp\/v2\/types\/page"}],"author":[{"embeddable":true,"href":"https:\/\/www.transauto.cc\/es\/wp-json\/wp\/v2\/users\/1"}],"replies":[{"embeddable":true,"href":"https:\/\/www.transauto.cc\/es\/wp-json\/wp\/v2\/comments?post=3376"}],"version-history":[{"count":15,"href":"https:\/\/www.transauto.cc\/es\/wp-json\/wp\/v2\/pages\/3376\/revisions"}],"predecessor-version":[{"id":3848,"href":"https:\/\/www.transauto.cc\/es\/wp-json\/wp\/v2\/pages\/3376\/revisions\/3848"}],"up":[{"embeddable":true,"href":"https:\/\/www.transauto.cc\/es\/wp-json\/wp\/v2\/pages\/19"}],"wp:featuredmedia":[{"embeddable":true,"href":"https:\/\/www.transauto.cc\/es\/wp-json\/wp\/v2\/media\/3551"}],"wp:attachment":[{"href":"https:\/\/www.transauto.cc\/es\/wp-json\/wp\/v2\/media?parent=3376"}],"curies":[{"name":"wp","href":"https:\/\/api.w.org\/{rel}","templated":true}]}}