{"id":29,"date":"2023-11-03T17:33:22","date_gmt":"2023-11-03T09:33:22","guid":{"rendered":"https:\/\/www.transauto.cc\/?page_id=29"},"modified":"2026-04-14T21:23:53","modified_gmt":"2026-04-14T13:23:53","slug":"about-us","status":"publish","type":"page","link":"https:\/\/www.transauto.cc\/es\/about-us\/","title":{"rendered":"Sobre nosotros"},"content":{"rendered":"<section class=\"l-section wpb_row us_custom_eb849559 height_huge color_alternate with_img\"><div class=\"l-section-img\" role=\"img\" data-img-width=\"1920\" data-img-height=\"542\" style=\"background-image: url(https:\/\/www.transauto.cc\/wp-content\/uploads\/2025\/10\/\u5173\u4e8e\u6211\u4eec-1.jpg);background-repeat: no-repeat;\"><\/div><div class=\"l-section-h i-cf\"><div class=\"g-cols vc_row via_grid cols_1 laptops-cols_inherit tablets-cols_inherit mobiles-cols_1 valign_middle type_default stacking_default\"><div class=\"wpb_column vc_column_container us_custom_d2835efa\"><div class=\"vc_column-inner\"><\/div><\/div><\/div><\/div><\/section><section class=\"l-section wpb_row height_huge\"><div class=\"l-section-h i-cf\"><div class=\"g-cols vc_row via_grid cols_2 laptops-cols_inherit tablets-cols_inherit mobiles-cols_1 valign_top type_default stacking_default\"><div class=\"wpb_column vc_column_container\"><div class=\"vc_column-inner\"><h3 class=\"w-text\"><span class=\"w-text-h\"><span class=\"w-text-value\">Sobre nosotros<\/span><\/span><\/h3><div class=\"wpb_text_column\"><div class=\"wpb_wrapper\"><p style=\"text-align: left;\">Qingdao Transauto Sales Co., Ltd., fundada en 2007, se especializa en la I+D, venta y exportaci\u00f3n de camiones, maquinaria, repuestos y veh\u00edculos el\u00e9ctricos. Tambi\u00e9n aceptamos colaboraciones OEM y ODM.<\/p>\n<p>Como distribuidor especializado en los mercados de \u00c1frica, Asia y Latinoam\u00e9rica, Transauto cuenta con amplia experiencia en la gesti\u00f3n de operaciones de exportaci\u00f3n sin contratiempos. Ofrecemos soluciones integrales de principio a fin, desde garantizar el cumplimiento de las normas de importaci\u00f3n locales y optimizar la log\u00edstica multimodal mar\u00edtima y terrestre hasta brindar un servicio posventa confiable, incluyendo asesoramiento sobre el inventario de repuestos. Este enfoque integrado minimiza los riesgos y simplifica las transacciones transfronterizas para nuestros clientes, garantizando una experiencia de compra y entrega fluida y confiable.<\/p>\n<\/div><\/div><\/div><\/div><div class=\"wpb_column vc_column_container\"><div class=\"vc_column-inner\"><div class=\"wpb_text_column\"><div class=\"wpb_wrapper\"><div style=\"width: 1200px;\" class=\"wp-video\"><video class=\"wp-video-shortcode\" id=\"video-29-1\" width=\"1200\" height=\"675\" poster=\"https:\/\/www.transauto.cc\/wp-content\/uploads\/2023\/11\/companyvideopic.jpg\" preload=\"none\" controls=\"controls\"><source type=\"video\/mp4\" src=\"https:\/\/www.transauto.cc\/wp-content\/uploads\/2023\/11\/companyvideo.mp4?_=1\" \/><a href=\"https:\/\/www.transauto.cc\/wp-content\/uploads\/2023\/11\/companyvideo.mp4\">https:\/\/www.transauto.cc\/wp-content\/uploads\/2023\/11\/companyvideo.mp4<\/a><\/video><\/div>\n<\/div><\/div><\/div><\/div><\/div><\/div><\/section><section class=\"l-section wpb_row us_custom_eb849559 height_huge\"><div class=\"l-section-overlay\" style=\"background:var(--color-header-top-bg)\"><\/div><div class=\"l-section-h i-cf\"><div class=\"g-cols vc_row via_grid cols_1 laptops-cols_inherit tablets-cols_inherit mobiles-cols_1 valign_top type_default stacking_default\"><div class=\"wpb_column vc_column_container\"><div class=\"vc_column-inner\"><h2 class=\"w-text\"><span class=\"w-text-h\"><span class=\"w-text-value\">Nuestra f\u00e1brica<\/span><\/span><\/h2><div class=\"wpb_text_column\"><div class=\"wpb_wrapper\"><p>Fabricado de acuerdo con las normas internacionales m\u00e1s estrictas, se exporta ampliamente a 500 pa\u00edses.<\/p>\n<\/div><\/div><div class=\"w-separator size_medium\"><\/div><div class=\"w-gallery fit_cover type_grid action_popup_image ratio_3x2 count_8\" style=\"--columns:4;--items-gap:10px;\"><div class=\"w-gallery-list\"><div class=\"w-gallery-item\"><div class=\"w-gallery-item-img\"><img fetchpriority=\"high\" decoding=\"async\" width=\"300\" height=\"169\" src=\"https:\/\/www.transauto.cc\/wp-content\/uploads\/2023\/11\/file_31635504614439-300x169.webp\" class=\"attachment-thumbnail size-thumbnail\" alt=\"\" srcset=\"https:\/\/www.transauto.cc\/wp-content\/uploads\/2023\/11\/file_31635504614439-300x169.webp 300w, https:\/\/www.transauto.cc\/wp-content\/uploads\/2023\/11\/file_31635504614439-600x338.webp 600w, https:\/\/www.transauto.cc\/wp-content\/uploads\/2023\/11\/file_31635504614439.webp 960w\" sizes=\"(max-width: 300px) 100vw, 300px\" \/><\/div><a class=\"w-gallery-item-link\" aria-label=\"archivo_31635504614439\" href=\"https:\/\/www.transauto.cc\/wp-content\/uploads\/2023\/11\/file_31635504614439.webp\"><\/a><\/div><div class=\"w-gallery-item\"><div class=\"w-gallery-item-img\"><img decoding=\"async\" width=\"300\" height=\"169\" src=\"https:\/\/www.transauto.cc\/wp-content\/uploads\/2023\/11\/file_51635504614439-300x169.webp\" class=\"attachment-thumbnail size-thumbnail\" alt=\"\" srcset=\"https:\/\/www.transauto.cc\/wp-content\/uploads\/2023\/11\/file_51635504614439-300x169.webp 300w, https:\/\/www.transauto.cc\/wp-content\/uploads\/2023\/11\/file_51635504614439-600x338.webp 600w, https:\/\/www.transauto.cc\/wp-content\/uploads\/2023\/11\/file_51635504614439.webp 960w\" sizes=\"(max-width: 300px) 100vw, 300px\" \/><\/div><a class=\"w-gallery-item-link\" aria-label=\"archivo_51635504614439\" href=\"https:\/\/www.transauto.cc\/wp-content\/uploads\/2023\/11\/file_51635504614439.webp\"><\/a><\/div><div class=\"w-gallery-item\"><div class=\"w-gallery-item-img\"><img decoding=\"async\" width=\"300\" height=\"169\" src=\"https:\/\/www.transauto.cc\/wp-content\/uploads\/2023\/11\/file_61635504614439-300x169.webp\" class=\"attachment-thumbnail size-thumbnail\" alt=\"\" srcset=\"https:\/\/www.transauto.cc\/wp-content\/uploads\/2023\/11\/file_61635504614439-300x169.webp 300w, https:\/\/www.transauto.cc\/wp-content\/uploads\/2023\/11\/file_61635504614439-600x338.webp 600w, https:\/\/www.transauto.cc\/wp-content\/uploads\/2023\/11\/file_61635504614439.webp 960w\" sizes=\"(max-width: 300px) 100vw, 300px\" \/><\/div><a class=\"w-gallery-item-link\" aria-label=\"archivo_61635504614439\" href=\"https:\/\/www.transauto.cc\/wp-content\/uploads\/2023\/11\/file_61635504614439.webp\"><\/a><\/div><div class=\"w-gallery-item\"><div class=\"w-gallery-item-img\"><img loading=\"lazy\" decoding=\"async\" width=\"300\" height=\"169\" src=\"https:\/\/www.transauto.cc\/wp-content\/uploads\/2023\/11\/file_71635504614439-300x169.webp\" class=\"attachment-thumbnail size-thumbnail\" alt=\"\" srcset=\"https:\/\/www.transauto.cc\/wp-content\/uploads\/2023\/11\/file_71635504614439-300x169.webp 300w, https:\/\/www.transauto.cc\/wp-content\/uploads\/2023\/11\/file_71635504614439-600x338.webp 600w, https:\/\/www.transauto.cc\/wp-content\/uploads\/2023\/11\/file_71635504614439.webp 960w\" sizes=\"(max-width: 300px) 100vw, 300px\" \/><\/div><a class=\"w-gallery-item-link\" aria-label=\"archivo_71635504614439\" href=\"https:\/\/www.transauto.cc\/wp-content\/uploads\/2023\/11\/file_71635504614439.webp\"><\/a><\/div><div class=\"w-gallery-item\"><div class=\"w-gallery-item-img\"><img loading=\"lazy\" decoding=\"async\" width=\"293\" height=\"195\" src=\"https:\/\/www.transauto.cc\/wp-content\/uploads\/2025\/10\/3.jpg\" class=\"attachment-thumbnail size-thumbnail\" alt=\"\" srcset=\"https:\/\/www.transauto.cc\/wp-content\/uploads\/2025\/10\/3.jpg 293w, https:\/\/www.transauto.cc\/wp-content\/uploads\/2025\/10\/3-18x12.jpg 18w\" sizes=\"(max-width: 293px) 100vw, 293px\" \/><\/div><a class=\"w-gallery-item-link\" aria-label=\"3\" href=\"https:\/\/www.transauto.cc\/wp-content\/uploads\/2025\/10\/3.jpg\"><\/a><\/div><div class=\"w-gallery-item\"><div class=\"w-gallery-item-img\"><img loading=\"lazy\" decoding=\"async\" width=\"293\" height=\"195\" src=\"https:\/\/www.transauto.cc\/wp-content\/uploads\/2025\/10\/1.jpg\" class=\"attachment-thumbnail size-thumbnail\" alt=\"\" srcset=\"https:\/\/www.transauto.cc\/wp-content\/uploads\/2025\/10\/1.jpg 293w, https:\/\/www.transauto.cc\/wp-content\/uploads\/2025\/10\/1-18x12.jpg 18w\" sizes=\"(max-width: 293px) 100vw, 293px\" \/><\/div><a class=\"w-gallery-item-link\" aria-label=\"1\" href=\"https:\/\/www.transauto.cc\/wp-content\/uploads\/2025\/10\/1.jpg\"><\/a><\/div><div class=\"w-gallery-item\"><div class=\"w-gallery-item-img\"><img loading=\"lazy\" decoding=\"async\" width=\"293\" height=\"195\" src=\"https:\/\/www.transauto.cc\/wp-content\/uploads\/2025\/10\/2.jpg\" class=\"attachment-thumbnail size-thumbnail\" alt=\"\" srcset=\"https:\/\/www.transauto.cc\/wp-content\/uploads\/2025\/10\/2.jpg 293w, https:\/\/www.transauto.cc\/wp-content\/uploads\/2025\/10\/2-18x12.jpg 18w\" sizes=\"(max-width: 293px) 100vw, 293px\" \/><\/div><a class=\"w-gallery-item-link\" aria-label=\"2\" href=\"https:\/\/www.transauto.cc\/wp-content\/uploads\/2025\/10\/2.jpg\"><\/a><\/div><div class=\"w-gallery-item\"><div class=\"w-gallery-item-img\"><img loading=\"lazy\" decoding=\"async\" width=\"293\" height=\"195\" src=\"https:\/\/www.transauto.cc\/wp-content\/uploads\/2025\/10\/\u9ed8\u8ba4\u6807\u9898__2025-10-2410_24_40.jpg\" class=\"attachment-thumbnail size-thumbnail\" alt=\"\" srcset=\"https:\/\/www.transauto.cc\/wp-content\/uploads\/2025\/10\/\u9ed8\u8ba4\u6807\u9898__2025-10-2410_24_40.jpg 293w, https:\/\/www.transauto.cc\/wp-content\/uploads\/2025\/10\/\u9ed8\u8ba4\u6807\u9898__2025-10-2410_24_40-18x12.jpg 18w\" sizes=\"(max-width: 293px) 100vw, 293px\" \/><\/div><a class=\"w-gallery-item-link\" aria-label=\"\u9ed8\u8ba4\u6807\u9898__2025-10-24+10_24_40\" href=\"https:\/\/www.transauto.cc\/wp-content\/uploads\/2025\/10\/\u9ed8\u8ba4\u6807\u9898__2025-10-2410_24_40.jpg\"><\/a><\/div><\/div><\/div><\/div><\/div><\/div><\/div><\/section>","protected":false},"excerpt":{"rendered":"","protected":false},"author":1,"featured_media":0,"parent":0,"menu_order":0,"comment_status":"closed","ping_status":"closed","template":"","meta":{"_kadence_starter_templates_imported_post":false,"footnotes":""},"class_list":["post-29","page","type-page","status-publish","hentry"],"acf":[],"_links":{"self":[{"href":"https:\/\/www.transauto.cc\/es\/wp-json\/wp\/v2\/pages\/29","targetHints":{"allow":["GET"]}}],"collection":[{"href":"https:\/\/www.transauto.cc\/es\/wp-json\/wp\/v2\/pages"}],"about":[{"href":"https:\/\/www.transauto.cc\/es\/wp-json\/wp\/v2\/types\/page"}],"author":[{"embeddable":true,"href":"https:\/\/www.transauto.cc\/es\/wp-json\/wp\/v2\/users\/1"}],"replies":[{"embeddable":true,"href":"https:\/\/www.transauto.cc\/es\/wp-json\/wp\/v2\/comments?post=29"}],"version-history":[{"count":9,"href":"https:\/\/www.transauto.cc\/es\/wp-json\/wp\/v2\/pages\/29\/revisions"}],"predecessor-version":[{"id":3738,"href":"https:\/\/www.transauto.cc\/es\/wp-json\/wp\/v2\/pages\/29\/revisions\/3738"}],"wp:attachment":[{"href":"https:\/\/www.transauto.cc\/es\/wp-json\/wp\/v2\/media?parent=29"}],"curies":[{"name":"wp","href":"https:\/\/api.w.org\/{rel}","templated":true}]}}