{"id":23,"date":"2023-11-03T17:32:05","date_gmt":"2023-11-03T09:32:05","guid":{"rendered":"https:\/\/www.transauto.cc\/?page_id=23"},"modified":"2025-10-27T10:32:57","modified_gmt":"2025-10-27T02:32:57","slug":"why-us","status":"publish","type":"page","link":"https:\/\/www.transauto.cc\/es\/why-us\/","title":{"rendered":"Porque nosotros"},"content":{"rendered":"<section class=\"l-section wpb_row us_custom_eb849559 height_huge color_alternate with_img\"><div class=\"l-section-img\" role=\"img\" data-img-width=\"1920\" data-img-height=\"542\" style=\"background-image: url(https:\/\/www.transauto.cc\/wp-content\/uploads\/2025\/10\/WHY-1-2.jpg);\"><\/div><div class=\"l-section-h i-cf\"><div class=\"g-cols vc_row via_grid cols_1 laptops-cols_inherit tablets-cols_inherit mobiles-cols_1 valign_middle type_default stacking_default\"><div class=\"wpb_column vc_column_container us_custom_d2835efa\"><div class=\"vc_column-inner\"><\/div><\/div><\/div><\/div><\/section><section class=\"l-section wpb_row us_custom_eac59c77 height_huge\"><div class=\"l-section-h i-cf\"><div class=\"g-cols vc_row via_grid cols_2 laptops-cols_inherit tablets-cols_inherit mobiles-cols_1 valign_middle type_default stacking_default\"><div class=\"wpb_column vc_column_container\"><div class=\"vc_column-inner\"><h2 class=\"w-text\"><span class=\"w-text-h\"><span class=\"w-text-value\">Quality Control<\/span><\/span><\/h2><div class=\"wpb_text_column\"><div class=\"wpb_wrapper\"><ul>\n<li>Powerful Manufacturing<\/li>\n<li>Direct Sourcing<\/li>\n<li>Reliable Service<\/li>\n<\/ul>\n<\/div><\/div><\/div><\/div><div class=\"wpb_column vc_column_container\"><div class=\"vc_column-inner\"><div class=\"w-image align_none\"><div class=\"w-image-h\"><img loading=\"lazy\" decoding=\"async\" width=\"600\" height=\"424\" src=\"https:\/\/www.transauto.cc\/wp-content\/uploads\/2025\/10\/\u4f18\u52bf-\u62f7\u8d1d-1.jpg\" class=\"attachment-medium size-medium\" alt=\"\" srcset=\"https:\/\/www.transauto.cc\/wp-content\/uploads\/2025\/10\/\u4f18\u52bf-\u62f7\u8d1d-1.jpg 600w, https:\/\/www.transauto.cc\/wp-content\/uploads\/2025\/10\/\u4f18\u52bf-\u62f7\u8d1d-1-300x212.jpg 300w, https:\/\/www.transauto.cc\/wp-content\/uploads\/2025\/10\/\u4f18\u52bf-\u62f7\u8d1d-1-18x12.jpg 18w\" sizes=\"auto, (max-width: 600px) 100vw, 600px\" \/><\/div><\/div><\/div><\/div><\/div><\/div><\/section><section class=\"l-section wpb_row us_custom_dc82aecb height_huge\"><div class=\"l-section-h i-cf\"><div class=\"g-cols vc_row via_grid cols_2 laptops-cols_inherit tablets-cols_inherit mobiles-cols_1 valign_middle type_default stacking_default\"><div class=\"wpb_column vc_column_container\"><div class=\"vc_column-inner\"><div class=\"w-image align_none\"><div class=\"w-image-h\"><img loading=\"lazy\" decoding=\"async\" width=\"600\" height=\"424\" src=\"https:\/\/www.transauto.cc\/wp-content\/uploads\/2025\/10\/fuwu.jpg\" class=\"attachment-medium size-medium\" alt=\"\" srcset=\"https:\/\/www.transauto.cc\/wp-content\/uploads\/2025\/10\/fuwu.jpg 600w, https:\/\/www.transauto.cc\/wp-content\/uploads\/2025\/10\/fuwu-300x212.jpg 300w, https:\/\/www.transauto.cc\/wp-content\/uploads\/2025\/10\/fuwu-18x12.jpg 18w\" sizes=\"auto, (max-width: 600px) 100vw, 600px\" \/><\/div><\/div><\/div><\/div><div class=\"wpb_column vc_column_container\"><div class=\"vc_column-inner\"><h2 class=\"w-text\"><span class=\"w-text-h\"><span class=\"w-text-value\">One-stop Service<\/span><\/span><\/h2><div class=\"wpb_text_column\"><div class=\"wpb_wrapper\"><ul>\n<li>Market &amp; Policy Analysis<\/li>\n<li>Product Customization<\/li>\n<li>Cost Calculation<\/li>\n<li>Compliant Fulfillment<\/li>\n<li>End-to-End Visual Tracking<\/li>\n<li>Delivery &amp; Training Empowerment<\/li>\n<\/ul>\n<\/div><\/div><\/div><\/div><\/div><\/div><\/section><section class=\"l-section wpb_row us_custom_eac59c77 height_huge\"><div class=\"l-section-h i-cf\"><div class=\"g-cols vc_row via_grid cols_2 laptops-cols_inherit tablets-cols_inherit mobiles-cols_1 valign_middle type_default stacking_default\"><div class=\"wpb_column vc_column_container\"><div class=\"vc_column-inner\"><h2 class=\"w-text\"><span class=\"w-text-h\"><span class=\"w-text-value\">24h Online Support<\/span><\/span><\/h2><div class=\"wpb_text_column\"><div class=\"wpb_wrapper\"><ul>\n<li>Guaranteed Spare Parts Supply Chain<\/li>\n<\/ul>\n<\/div><\/div><\/div><\/div><div class=\"wpb_column vc_column_container\"><div class=\"vc_column-inner\"><div class=\"w-image align_none\"><div class=\"w-image-h\"><img loading=\"lazy\" decoding=\"async\" width=\"600\" height=\"209\" src=\"https:\/\/www.transauto.cc\/wp-content\/uploads\/2025\/10\/fuwu2.jpg\" class=\"attachment-medium size-medium\" alt=\"\" srcset=\"https:\/\/www.transauto.cc\/wp-content\/uploads\/2025\/10\/fuwu2.jpg 600w, https:\/\/www.transauto.cc\/wp-content\/uploads\/2025\/10\/fuwu2-300x105.jpg 300w, https:\/\/www.transauto.cc\/wp-content\/uploads\/2025\/10\/fuwu2-18x6.jpg 18w\" sizes=\"auto, (max-width: 600px) 100vw, 600px\" \/><\/div><\/div><\/div><\/div><\/div><\/div><\/section><section class=\"l-section wpb_row us_custom_315b8835 height_huge\"><div class=\"l-section-overlay\" style=\"background:var(--color-content-border)\"><\/div><div class=\"l-section-h i-cf\"><div class=\"g-cols vc_row via_grid cols_1 laptops-cols_inherit tablets-cols_inherit mobiles-cols_1 valign_top type_default stacking_default\"><div class=\"wpb_column vc_column_container\"><div class=\"vc_column-inner\"><h2 class=\"w-text us_custom_eb849559\"><span class=\"w-text-h\"><span class=\"w-text-value\">Preguntas m\u00e1s frecuentes<\/span><\/span><\/h2><div class=\"w-tabs style_default switch_click accordion has_scrolling remove_indents\" style=\"--sections-title-size:inherit\"><div class=\"w-tabs-sections titles-align_none icon_plus cpos_right\"><div class=\"w-tabs-section active\" id=\"fae4\"><button class=\"w-tabs-section-header active\" aria-controls=\"content-fae4\" aria-expanded=\"true\"><h6 class=\"w-tabs-section-title\">\u00bfCu\u00e1les son las formas log\u00edsticas en las que puede trabajar para el env\u00edo?<\/h6><div class=\"w-tabs-section-control\"><\/div><\/button><div  class=\"w-tabs-section-content\" id=\"content-fae4\"><div class=\"w-tabs-section-content-h i-cf\"><div class=\"wpb_text_column\"><div class=\"wpb_wrapper\"><p>Podemos enviar maquinaria de construcci\u00f3n mediante diversas herramientas de transporte. (1) para la mayor parte de nuestros env\u00edos, la m\u00e1quina se realizar\u00e1 en contenedores o env\u00edos Ro-Ro\/a granel. (2) para los pa\u00edses vecinos del interior de China, podemos enviar m\u00e1quinas por carretera o Ferrocarril. (3) Para piezas de repuesto con demanda urgente, podemos enviarlas por DHL, TNT, UPS o FEDEX.<\/p>\n<\/div><\/div><\/div><\/div><\/div><div class=\"w-tabs-section\" id=\"zbca\"><button class=\"w-tabs-section-header\" aria-controls=\"content-zbca\" aria-expanded=\"false\"><h6 class=\"w-tabs-section-title\">Queremos importar productos en CKD o SKD, \u00bfpodr\u00edan hacerlo?<\/h6><div class=\"w-tabs-section-control\"><\/div><\/button><div  class=\"w-tabs-section-content\" id=\"content-zbca\"><div class=\"w-tabs-section-content-h i-cf\"><div class=\"wpb_text_column\"><div class=\"wpb_wrapper\"><p>Est\u00e1 bien, podemos admitir CKD o SKD seg\u00fan las diferentes condiciones.<\/p>\n<\/div><\/div><\/div><\/div><\/div><div class=\"w-tabs-section\" id=\"rc98\"><button class=\"w-tabs-section-header\" aria-controls=\"content-rc98\" aria-expanded=\"false\"><h6 class=\"w-tabs-section-title\">Queremos un cami\u00f3n con neum\u00e1ticos sin c\u00e1mara, \u00bfest\u00e1 bien?<\/h6><div class=\"w-tabs-section-control\"><\/div><\/button><div  class=\"w-tabs-section-content\" id=\"content-rc98\"><div class=\"w-tabs-section-content-h i-cf\"><div class=\"wpb_text_column\"><div class=\"wpb_wrapper\"><p>Est\u00e1 bien, el neum\u00e1tico radial y el neum\u00e1tico sin c\u00e1mara son opcionales.<\/p>\n<\/div><\/div><\/div><\/div><\/div><div class=\"w-tabs-section\" id=\"ld64\"><button class=\"w-tabs-section-header\" aria-controls=\"content-ld64\" aria-expanded=\"false\"><h6 class=\"w-tabs-section-title\">\u00bfQu\u00e9 m\u00e9todo de pago aceptan?<\/h6><div class=\"w-tabs-section-control\"><\/div><\/button><div  class=\"w-tabs-section-content\" id=\"content-ld64\"><div class=\"w-tabs-section-content-h i-cf\"><div class=\"wpb_text_column\"><div class=\"wpb_wrapper\"><p>LC y T\/T<\/p>\n<\/div><\/div><\/div><\/div><\/div><div class=\"w-tabs-section\" id=\"xe28\"><button class=\"w-tabs-section-header\" aria-controls=\"content-xe28\" aria-expanded=\"false\"><h6 class=\"w-tabs-section-title\">\u00bfCu\u00e1les son sus puntos fuertes?<\/h6><div class=\"w-tabs-section-control\"><\/div><\/button><div  class=\"w-tabs-section-content\" id=\"content-xe28\"><div class=\"w-tabs-section-content-h i-cf\"><div class=\"wpb_text_column\"><div class=\"wpb_wrapper\"><p>Tenemos 15 a\u00f1os de experiencia laboral en exportaci\u00f3n. Los productos actuales se han exportado a \u00c1frica, Medio Oriente, Sudeste Asi\u00e1tico, Sudam\u00e9rica, etc., en m\u00e1s de 60 pa\u00edses y regiones del mundo. Contamos con un equipo t\u00e9cnico profesional de servicio postventa que Puede resolver sus problemas a tiempo.<\/p>\n<\/div><\/div><\/div><\/div><\/div><\/div><\/div><\/div><\/div><\/div><\/div><\/section>","protected":false},"excerpt":{"rendered":"","protected":false},"author":1,"featured_media":0,"parent":0,"menu_order":0,"comment_status":"closed","ping_status":"closed","template":"","meta":{"_kadence_starter_templates_imported_post":false,"footnotes":""},"class_list":["post-23","page","type-page","status-publish","hentry"],"acf":[],"_links":{"self":[{"href":"https:\/\/www.transauto.cc\/es\/wp-json\/wp\/v2\/pages\/23","targetHints":{"allow":["GET"]}}],"collection":[{"href":"https:\/\/www.transauto.cc\/es\/wp-json\/wp\/v2\/pages"}],"about":[{"href":"https:\/\/www.transauto.cc\/es\/wp-json\/wp\/v2\/types\/page"}],"author":[{"embeddable":true,"href":"https:\/\/www.transauto.cc\/es\/wp-json\/wp\/v2\/users\/1"}],"replies":[{"embeddable":true,"href":"https:\/\/www.transauto.cc\/es\/wp-json\/wp\/v2\/comments?post=23"}],"version-history":[{"count":7,"href":"https:\/\/www.transauto.cc\/es\/wp-json\/wp\/v2\/pages\/23\/revisions"}],"predecessor-version":[{"id":3775,"href":"https:\/\/www.transauto.cc\/es\/wp-json\/wp\/v2\/pages\/23\/revisions\/3775"}],"wp:attachment":[{"href":"https:\/\/www.transauto.cc\/es\/wp-json\/wp\/v2\/media?parent=23"}],"curies":[{"name":"wp","href":"https:\/\/api.w.org\/{rel}","templated":true}]}}