{"id":3425,"date":"2024-10-25T16:40:07","date_gmt":"2024-10-25T08:40:07","guid":{"rendered":"https:\/\/www.transauto.cc\/?page_id=3425"},"modified":"2026-02-26T10:24:39","modified_gmt":"2026-02-26T02:24:39","slug":"sinotruck-truck-howo-tractor-trucks","status":"publish","type":"page","link":"https:\/\/www.transauto.cc\/de\/news\/products\/sinotruck-truck-howo-tractor-trucks\/","title":{"rendered":"Sinotruk Truck-Howo Sattelzugmaschinen"},"content":{"rendered":"<section class=\"l-section wpb_row us_custom_31b9ec70 height_huge\"><div class=\"l-section-h i-cf\"><div class=\"g-cols vc_row via_grid cols_1 laptops-cols_inherit tablets-cols_inherit mobiles-cols_1 valign_top type_default stacking_default\"><div class=\"wpb_column vc_column_container\"><div class=\"vc_column-inner\"><h1 class=\"w-post-elm post_title us_custom_c75ce5fe has_text_color align_center entry-title color_link_inherit\">Sinotruk Truck-Howo Sattelzugmaschinen<\/h1><div class=\"wpb_text_column\"><div class=\"wpb_wrapper\"><\/div><\/div><div class=\"wpb_text_column\"><div class=\"wpb_wrapper\"><h5 style=\"text-align: left;\">\u00a0<\/h5>\n<h5 style=\"text-align: left;\"><strong><img fetchpriority=\"high\" decoding=\"async\" class=\"alignnone wp-image-3808 size-full\" src=\"https:\/\/www.transauto.cc\/wp-content\/uploads\/2025\/10\/2-5.jpg\" alt=\"\" width=\"1200\" height=\"440\" srcset=\"https:\/\/www.transauto.cc\/wp-content\/uploads\/2025\/10\/2-5.jpg 1200w, https:\/\/www.transauto.cc\/wp-content\/uploads\/2025\/10\/2-5-600x220.jpg 600w, https:\/\/www.transauto.cc\/wp-content\/uploads\/2025\/10\/2-5-1024x375.jpg 1024w, https:\/\/www.transauto.cc\/wp-content\/uploads\/2025\/10\/2-5-300x110.jpg 300w, https:\/\/www.transauto.cc\/wp-content\/uploads\/2025\/10\/2-5-18x7.jpg 18w\" sizes=\"(max-width: 1200px) 100vw, 1200px\" \/><\/strong><\/h5>\n<p><span style=\"color: #ffffff;\">1, t\u00e4gliche Industrieprodukte: K\u00fchlkette, Wertsachen, Tabak, Expressversand.<br \/>2, t\u00e4gliche Industrieprodukte: Lebensmittel, Obst, Holz, Gesch\u00e4fte, Kaufh\u00e4user, Container, Masseng\u00fcter.<br \/>3, Eisenpulver, Stahl, Eisenpulver, Eisenerz, fertiges Produktprofil.<br \/>4, Gro\u00dftank: Zement, Kalk, Flugasche und anderes Industriepulver.<br \/>5, gef\u00e4hrliche G\u00fcter: \u00d6l, Erdgas, chemische Fl\u00fcssigkeiten.<br \/>6. ballast, sand, sand and gravel.<\/span><\/p>\n<h5><span style=\"color: #ffffff;\">Motor<\/span><\/h5>\n<p><strong><b><img loading=\"lazy\" decoding=\"async\" class=\"alignnone size-full wp-image-3428\" src=\"https:\/\/www.transauto.cc\/wp-content\/uploads\/2024\/10\/2-3Heavy-Trucks-T7H_06_0-1.jpg\" alt=\"\" width=\"2065\" height=\"633\" srcset=\"https:\/\/www.transauto.cc\/wp-content\/uploads\/2024\/10\/2-3Heavy-Trucks-T7H_06_0-1.jpg 2065w, https:\/\/www.transauto.cc\/wp-content\/uploads\/2024\/10\/2-3Heavy-Trucks-T7H_06_0-1-600x184.jpg 600w, https:\/\/www.transauto.cc\/wp-content\/uploads\/2024\/10\/2-3Heavy-Trucks-T7H_06_0-1-1024x314.jpg 1024w, https:\/\/www.transauto.cc\/wp-content\/uploads\/2024\/10\/2-3Heavy-Trucks-T7H_06_0-1-300x92.jpg 300w, https:\/\/www.transauto.cc\/wp-content\/uploads\/2024\/10\/2-3Heavy-Trucks-T7H_06_0-1-18x6.jpg 18w\" sizes=\"(max-width: 2065px) 100vw, 2065px\" \/><\/b><\/strong><\/p>\n<h3><span style=\"color: #ffffff;\">Zuverl\u00e4ssiges und robustes Chassis<\/span><\/h3>\n<p><img loading=\"lazy\" decoding=\"async\" class=\"alignnone wp-image-3813 size-full\" src=\"https:\/\/www.transauto.cc\/wp-content\/uploads\/2025\/10\/\u4f01\u4e1a\u5fae\u4fe1\u622a\u56fe_17615451784917-\u62f7\u8d1d-1.jpg\" alt=\"\" width=\"2000\" height=\"640\" srcset=\"https:\/\/www.transauto.cc\/wp-content\/uploads\/2025\/10\/\u4f01\u4e1a\u5fae\u4fe1\u622a\u56fe_17615451784917-\u62f7\u8d1d-1.jpg 2000w, https:\/\/www.transauto.cc\/wp-content\/uploads\/2025\/10\/\u4f01\u4e1a\u5fae\u4fe1\u622a\u56fe_17615451784917-\u62f7\u8d1d-1-600x192.jpg 600w, https:\/\/www.transauto.cc\/wp-content\/uploads\/2025\/10\/\u4f01\u4e1a\u5fae\u4fe1\u622a\u56fe_17615451784917-\u62f7\u8d1d-1-1024x328.jpg 1024w, https:\/\/www.transauto.cc\/wp-content\/uploads\/2025\/10\/\u4f01\u4e1a\u5fae\u4fe1\u622a\u56fe_17615451784917-\u62f7\u8d1d-1-300x96.jpg 300w, https:\/\/www.transauto.cc\/wp-content\/uploads\/2025\/10\/\u4f01\u4e1a\u5fae\u4fe1\u622a\u56fe_17615451784917-\u62f7\u8d1d-1-18x6.jpg 18w\" sizes=\"(max-width: 2000px) 100vw, 2000px\" \/><\/p>\n<h3><span style=\"color: #ffffff;\">More Details<\/span><\/h3>\n<p><img loading=\"lazy\" decoding=\"async\" class=\"alignnone wp-image-3988\" src=\"https:\/\/www.transauto.cc\/wp-content\/uploads\/2026\/02\/23-1-300x158.jpg\" alt=\"\" width=\"1205\" height=\"633\" srcset=\"https:\/\/www.transauto.cc\/wp-content\/uploads\/2026\/02\/23-1-300x158.jpg 300w, https:\/\/www.transauto.cc\/wp-content\/uploads\/2026\/02\/23-1-600x315.jpg 600w, https:\/\/www.transauto.cc\/wp-content\/uploads\/2026\/02\/23-1-1024x538.jpg 1024w, https:\/\/www.transauto.cc\/wp-content\/uploads\/2026\/02\/23-1-18x9.jpg 18w\" sizes=\"auto, (max-width: 1205px) 100vw, 1205px\" \/><\/p>\n<\/div><\/div><\/div><\/div><\/div><\/div><\/section><section class=\"l-section wpb_row us_custom_eb849559 height_huge with_img\" id=\"inquiry\"><div class=\"l-section-img\" role=\"img\" data-img-width=\"1500\" data-img-height=\"844\" style=\"background-image: url(https:\/\/www.transauto.cc\/wp-content\/uploads\/2023\/11\/file_01635499033778.webp);background-repeat: no-repeat;\"><\/div><div class=\"l-section-h i-cf\"><div class=\"g-cols vc_row via_grid cols_1 laptops-cols_inherit tablets-cols_inherit mobiles-cols_1 valign_top type_default stacking_default\"><div class=\"wpb_column vc_column_container\"><div class=\"vc_column-inner\"><h2 class=\"w-text us_custom_6df4bc3a has_text_color\"><span class=\"w-text-h\"><span class=\"w-text-value\">Jetzt anfragen<\/span><\/span><\/h2><div class=\"wpb_text_column us_custom_5fee22f6 has_text_color\"><div class=\"wpb_wrapper\"><p>Nutzen Sie unser Kontaktformular auf unserer Kontaktdetailseite oder rufen Sie uns an, um dieses Produkt weiter zu besprechen.<\/p>\n<\/div><\/div><div class=\"w-separator size_medium\"><\/div><form class=\"w-form  us-field-style_1 layout_ver for_cform us_form_1\" autocomplete=\"off\" action=\"https:\/\/www.transauto.cc\/de\/de\/wp-json\/wp\/v2\/pages\/3425\" method=\"post\" data-trp-original-action=\"https:\/\/www.transauto.cc\/de\/de\/wp-json\/wp\/v2\/pages\/3425\"><div class=\"w-form-h\"><div class=\"w-form-row for_text required cols_2\">\r\n\t\t<div class=\"w-form-row-field\">\r\n\t\t\t\t\t\t<input aria-label=\"Ihr Name\" type=\"text\" name=\"us_form_1_text_1\" value placeholder=\"Ihr Name *\" data-required=\"true\" aria-required=\"true\"\/>\r\n\t\t\t<\/div>\r\n\t\t<div class=\"w-form-row-state\">Bitte f\u00fcllen Sie dieses Feld aus.<\/div>\r\n<\/div>\r\n<div class=\"w-form-row for_email required cols_2\">\r\n\t\t<div class=\"w-form-row-field\">\r\n\t\t\t\t\t\t<input aria-label=\"Email\" type=\"email\" name=\"us_form_1_email_1\" value placeholder=\"Email *\" data-required=\"true\" aria-required=\"true\"\/>\r\n\t\t\t<\/div>\r\n\t\t<div class=\"w-form-row-state\">Bitte geben Sie eine g\u00fcltige E-Mail-Adresse ein.<\/div>\r\n<\/div>\r\n<div class=\"w-form-row for_text cols_2\">\r\n\t\t<div class=\"w-form-row-field\">\r\n\t\t\t\t\t\t<input aria-label=\"Telefon\/WhatsApp\/Skype\" type=\"text\" name=\"us_form_1_text_2\" value placeholder=\"Telefon\/WhatsApp\/Skype\"\/>\r\n\t\t\t<\/div>\r\n\t\t<div class=\"w-form-row-state\">Bitte f\u00fcllen Sie dieses Feld aus.<\/div>\r\n<\/div>\r\n<div class=\"w-form-row for_text cols_2\">\r\n\t\t<div class=\"w-form-row-field\">\r\n\t\t\t\t\t\t<input aria-label=\"Name der Firma\" type=\"text\" name=\"us_form_1_text_3\" value placeholder=\"Name der Firma\"\/>\r\n\t\t\t<\/div>\r\n\t\t<div class=\"w-form-row-state\">Bitte f\u00fcllen Sie dieses Feld aus.<\/div>\r\n<\/div>\r\n<div class=\"w-form-row for_textarea required\">\r\n\t\t<div class=\"w-form-row-field\">\r\n\t\t\t\t\t\t<textarea aria-label=\"Inhalt\" name=\"us_form_1_textarea_1\" placeholder=\"Inhalt *\" data-required=\"true\" aria-required=\"true\"><\/textarea>\r\n\t\t\t<\/div>\r\n\t\t<div class=\"w-form-row-state\">Bitte f\u00fcllen Sie dieses Feld aus.<\/div>\r\n<\/div>\r\n<input type=\"hidden\" name=\"action\" value=\"us_ajax_cform\" \/>\r\n<input type=\"hidden\" name=\"post_id\" value=\"94\" \/>\r\n<input type=\"hidden\" name=\"form_index\" value=\"1\" \/>\r\n<div class=\"w-form-row for_submit align_none\">\r\n\t<button class=\"w-btn  us-btn-style_1\" aria-label=\"Jetzt Anfrage senden \u2192\" type=\"submit\">\r\n\t\t<span class=\"g-preloader type_1\"><\/span>\r\n\t\t\t\t<span class=\"w-btn-label\">Jetzt Anfrage senden \u2192<\/span>\r\n\t\t\t<\/button>\r\n\t<\/div>\r\n<\/div><div class=\"w-form-message\"><\/div><div class=\"w-form-json hidden\" onclick='return {&quot;ajaxurl&quot;:&quot;https:\\\/\\\/www.transauto.cc\\\/wp-admin\\\/admin-ajax.php&quot;,&quot;messages&quot;:{&quot;err_empty&quot;:&quot;Bitte f\\u00fcllen Sie dieses Feld aus.&quot;,&quot;err_size&quot;:&quot;Die Dateigr\\u00f6\\u00dfe darf %s MB nicht \\u00fcberschreiten&quot;,&quot;err_extension&quot;:&quot;Dateityp %s ist nicht zul\\u00e4ssig&quot;}}'><\/div><input type=\"hidden\" name=\"trp-form-language\" value=\"de\"\/><\/form><\/div><\/div><\/div><\/div><\/section><a href=\"https:\/\/wa.me\/8618653224266\" class=\"whatsapp-float\" target=\"_blank\" rel=\"noopener\"><i class=\"fab fa-whatsapp\"><\/i><span>WhatsApp Us<\/span><\/a><\/p>","protected":false},"excerpt":{"rendered":"","protected":false},"author":1,"featured_media":3550,"parent":19,"menu_order":4,"comment_status":"closed","ping_status":"closed","template":"","meta":{"_kadence_starter_templates_imported_post":false,"footnotes":""},"class_list":["post-3425","page","type-page","status-publish","has-post-thumbnail","hentry"],"acf":[],"_links":{"self":[{"href":"https:\/\/www.transauto.cc\/de\/wp-json\/wp\/v2\/pages\/3425","targetHints":{"allow":["GET"]}}],"collection":[{"href":"https:\/\/www.transauto.cc\/de\/wp-json\/wp\/v2\/pages"}],"about":[{"href":"https:\/\/www.transauto.cc\/de\/wp-json\/wp\/v2\/types\/page"}],"author":[{"embeddable":true,"href":"https:\/\/www.transauto.cc\/de\/wp-json\/wp\/v2\/users\/1"}],"replies":[{"embeddable":true,"href":"https:\/\/www.transauto.cc\/de\/wp-json\/wp\/v2\/comments?post=3425"}],"version-history":[{"count":36,"href":"https:\/\/www.transauto.cc\/de\/wp-json\/wp\/v2\/pages\/3425\/revisions"}],"predecessor-version":[{"id":3989,"href":"https:\/\/www.transauto.cc\/de\/wp-json\/wp\/v2\/pages\/3425\/revisions\/3989"}],"up":[{"embeddable":true,"href":"https:\/\/www.transauto.cc\/de\/wp-json\/wp\/v2\/pages\/19"}],"wp:featuredmedia":[{"embeddable":true,"href":"https:\/\/www.transauto.cc\/de\/wp-json\/wp\/v2\/media\/3550"}],"wp:attachment":[{"href":"https:\/\/www.transauto.cc\/de\/wp-json\/wp\/v2\/media?parent=3425"}],"curies":[{"name":"wp","href":"https:\/\/api.w.org\/{rel}","templated":true}]}}